{"id":6191,"date":"2016-11-24T14:19:16","date_gmt":"2016-11-24T14:19:16","guid":{"rendered":"http:\/\/premiavng.com\/?page_id=6191"},"modified":"2022-04-02T09:04:18","modified_gmt":"2022-04-02T07:04:18","slug":"politica-de-privacidad","status":"publish","type":"page","link":"https:\/\/premiavng.com\/ca\/politica-de-privacidad\/","title":{"rendered":"Pol\u00edtica de Privacitat"},"content":{"rendered":"<div data-elementor-type=\"wp-page\" data-elementor-id=\"6191\" class=\"elementor elementor-6191\">\n\t\t\t\t\t\t<section class=\"elementor-section elementor-top-section elementor-element elementor-element-ec6fe35 elementor-section-boxed elementor-section-height-default elementor-section-height-default\" data-id=\"ec6fe35\" data-element_type=\"section\">\n\t\t\t\t\t\t<div class=\"elementor-container elementor-column-gap-default\">\n\t\t\t\t\t<div class=\"elementor-column elementor-col-100 elementor-top-column elementor-element elementor-element-ac178d5\" data-id=\"ac178d5\" data-element_type=\"column\">\n\t\t\t<div class=\"elementor-widget-wrap elementor-element-populated\">\n\t\t\t\t\t\t<div class=\"elementor-element elementor-element-7909a75 elementor-widget elementor-widget-text-editor\" data-id=\"7909a75\" data-element_type=\"widget\" data-widget_type=\"text-editor.default\">\n\t\t\t\t<div class=\"elementor-widget-container\">\n\t\t\t<style>\/*! elementor - v3.23.0 - 05-08-2024 *\/\n.elementor-widget-text-editor.elementor-drop-cap-view-stacked .elementor-drop-cap{background-color:#69727d;color:#fff}.elementor-widget-text-editor.elementor-drop-cap-view-framed .elementor-drop-cap{color:#69727d;border:3px solid;background-color:transparent}.elementor-widget-text-editor:not(.elementor-drop-cap-view-default) .elementor-drop-cap{margin-top:8px}.elementor-widget-text-editor:not(.elementor-drop-cap-view-default) .elementor-drop-cap-letter{width:1em;height:1em}.elementor-widget-text-editor .elementor-drop-cap{float:left;text-align:center;line-height:1;font-size:50px}.elementor-widget-text-editor .elementor-drop-cap-letter{display:inline-block}<\/style>\t\t\t\t<p>En PREMIA ASSESSORS SCCL nos preocupamos por la privacidad y la transparencia.<\/p>\n<p>A continuaci\u00f3n, le indicamos en detalle los tratamientos de datos personales que realizamos, as\u00ed como toda la informaci\u00f3n relativa a los mismos.<\/p>\t\t\t\t\t\t<\/div>\n\t\t\t\t<\/div>\n\t\t\t\t\t<\/div>\n\t\t<\/div>\n\t\t\t\t\t<\/div>\n\t\t<\/section>\n\t\t\t\t<section class=\"elementor-section elementor-top-section elementor-element elementor-element-fc44b7f elementor-section-boxed elementor-section-height-default elementor-section-height-default\" data-id=\"fc44b7f\" data-element_type=\"section\">\n\t\t\t\t\t\t<div class=\"elementor-container elementor-column-gap-default\">\n\t\t\t\t\t<div class=\"elementor-column elementor-col-100 elementor-top-column elementor-element elementor-element-d3e35aa\" data-id=\"d3e35aa\" data-element_type=\"column\">\n\t\t\t<div class=\"elementor-widget-wrap elementor-element-populated\">\n\t\t\t\t\t\t<div class=\"elementor-element elementor-element-6e3c582 elementor-widget elementor-widget-text-editor\" data-id=\"6e3c582\" data-element_type=\"widget\" data-widget_type=\"text-editor.default\">\n\t\t\t\t<div class=\"elementor-widget-container\">\n\t\t\t\t\t\t\t<p><strong>Qui \u00e9s el responsable del tractament de les seves dades?<\/strong><\/p>\n<p class=\"translation-block\"><strong>PREMIA ASSESSORS SCCL<\/strong><br>F65151284<br>Av. Francesc Maci\u00e0, 10 Entres\u00f2l 1 \u2013 08800 Vilanova i la Geltr\u00fa \u2013 Barcelona.<br>93 516 92 22 | info@premiavng.com<\/p>\t\t\t\t\t\t<\/div>\n\t\t\t\t<\/div>\n\t\t\t\t\t<\/div>\n\t\t<\/div>\n\t\t\t\t\t<\/div>\n\t\t<\/section>\n\t\t\t\t<section class=\"elementor-section elementor-top-section elementor-element elementor-element-e59a464 elementor-section-boxed elementor-section-height-default elementor-section-height-default\" data-id=\"e59a464\" data-element_type=\"section\">\n\t\t\t\t\t\t<div class=\"elementor-container elementor-column-gap-default\">\n\t\t\t\t\t<div class=\"elementor-column elementor-col-100 elementor-top-column elementor-element elementor-element-e38af0d\" data-id=\"e38af0d\" data-element_type=\"column\">\n\t\t\t<div class=\"elementor-widget-wrap elementor-element-populated\">\n\t\t\t\t\t\t<div class=\"elementor-element elementor-element-50b608a elementor-widget elementor-widget-text-editor\" data-id=\"50b608a\" data-element_type=\"widget\" data-widget_type=\"text-editor.default\">\n\t\t\t\t<div class=\"elementor-widget-container\">\n\t\t\t\t\t\t\t<p><strong>Quins s\u00f3n els seus drets quan ens facilita les seves dades?<\/strong><\/p>\n<p>Qualsevol persona t\u00e9 dret a obtenir confirmaci\u00f3 sobre si a PREMIA ASSESSORS SCCL estem tractant, o no, dades personals que els concerneixin.<\/p>\n<p>Les persones interessades tenen dret a accedir a les seves dades personals, aix\u00ed com a sol\u00b7licitar la rectificaci\u00f3 de les dades inexactes o, si escau, sol\u00b7licitar la seva supressi\u00f3 quan, entre altres motius, les dades ja no siguin necess\u00e0ries per a les finalitats que van ser recollides. Tamb\u00e9 t\u00e9 dret a la portabilitat de les seves dades.<\/p>\n<p>En determinades circumst\u00e0ncies, els interessats podran sol\u00b7licitar la limitaci\u00f3 del tractament de les seves dades, i en aquest cas \u00fanicament els conservarem per a l'exercici o la defensa de reclamacions.<\/p>\n<p>En determinades circumst\u00e0ncies i per motius relacionats amb la seva situaci\u00f3 particular, els interessats podran oposar-se al tractament de les seves dades. En aquest cas, PREMIA ASSESSORS SCCL deixar\u00e0 de tractar les dades, excepte per motius leg\u00edtims imperiosos, o l'exercici o la defensa de possibles reclamacions.<\/p>\n<p>Podr\u00e0 exercir materialment els seus drets de la seg\u00fcent forma: dirigint-se a info@premiavng.com o Av. Francesc Maci\u00e0, 10 Entresol 1. 08800 Vilanova i la Geltr\u00fa.<\/p>\n<p>Quan s\u2019envi\u00efn comunicacions comercials utilitzant l'inter\u00e8s leg\u00edtim del responsable com a base legal, l'interessat podr\u00e0 oposar-se al tractament de les seves dades per aquesta finalitat.<\/p>\n<p>El consentiment atorgat \u00e9s per a totes les finalitats indicades la base legal del qual \u00e9s el consentiment de l'interessat. Vost\u00e8 t\u00e9 dret a retirar aquest consentiment en qualsevol moment, sense afectar la licitud del tractament basat en el consentiment previ a la seva retirada.<\/p>\n<p>En el cas que senti vulnerats els seus drets pel que fa a la protecci\u00f3 de les seves dades personals, especialment quan no hagi obtingut satisfacci\u00f3 en l\u2019exercici dels seus drets, pot presentar una reclamaci\u00f3 davant l\u2019Autoritat de Control en mat\u00e8ria de Protecci\u00f3 de Dades competent a trav\u00e9s del seu lloc web: www.aepd.es.<\/p>\t\t\t\t\t\t<\/div>\n\t\t\t\t<\/div>\n\t\t\t\t\t<\/div>\n\t\t<\/div>\n\t\t\t\t\t<\/div>\n\t\t<\/section>\n\t\t\t\t<section class=\"elementor-section elementor-top-section elementor-element elementor-element-fa7e53c elementor-section-boxed elementor-section-height-default elementor-section-height-default\" data-id=\"fa7e53c\" data-element_type=\"section\">\n\t\t\t\t\t\t<div class=\"elementor-container elementor-column-gap-default\">\n\t\t\t\t\t<div class=\"elementor-column elementor-col-100 elementor-top-column elementor-element elementor-element-9574e87\" data-id=\"9574e87\" data-element_type=\"column\">\n\t\t\t<div class=\"elementor-widget-wrap elementor-element-populated\">\n\t\t\t\t\t\t<div class=\"elementor-element elementor-element-637b13a elementor-widget elementor-widget-text-editor\" data-id=\"637b13a\" data-element_type=\"widget\" data-widget_type=\"text-editor.default\">\n\t\t\t\t<div class=\"elementor-widget-container\">\n\t\t\t\t\t\t\t<p><strong>Com hem obtingut les seves dades?<\/strong><\/p>\n<p>Les dades personals que tractem a PREMIA ASSESSORS SCCL provenen de: El propi interessat.<\/p>\n<p><span style=\"text-decoration: underline;\"><strong>1. Tractament de les dades dels contactes web<br \/><\/strong><\/span><\/p>\n<p><strong>Amb quina finalitat tractem les seves dades personals?<\/strong><\/p>\n<p>A PREMIA ASSESSORS SCCL tractem la informaci\u00f3 que ens faciliten les persones interessades amb la finalitat d\u2019atendre la seva sol\u00b7licitud i enviar-li comunicacions comercials. En el cas que no faciliti les seves dades personals, no podrem complir amb les funcionalitats descrites anteriorment.<\/p>\n<p>No es prendran decisions automatitzades a partir de les dades facilitades.<\/p>\n<p><b>Durant quant de temps conservarem les seves dades?<\/b><\/p>\n<p>Les dades es conservaran mentre l'interessat no sol\u00b7liciti la seva supressi\u00f3.<\/p>\n<p><b>Quina \u00e9s la legitimaci\u00f3 per al tractament de les seves dades?<\/b><\/p>\n<p>Indiquem la base legal per al tractament de les seves dades:<\/p>\n<p>\u00b7 Execuci\u00f3 d'un contracte: Atendre la seva sol\u00b7licitut.<\/p>\n<p>\u00b7 Consentiment de l'interessat: Enviar comunicacions comercials, fins i tot per via electr\u00f2nica.<\/p>\n<p><b>A quins destinataris es comunicaran les seves dades?<\/b><\/p>\n<p>No es cediran dades a tercers, excepte obligaci\u00f3 legal.<\/p>\n<p><b>Transfer\u00e8ncies de dades a tercers pa\u00efsos<\/b><\/p>\n<p>Estan previstes les seg\u00fcents transfer\u00e8ncies de dades a tercers pa\u00efsos:<\/p>\n<p>\u00b7 Microsoft Corporation, amb la finalitat de realitzar la c\u00f2pia de seguretat de les dades i l\u2019allotjament del correu electr\u00f2nic. La garantia d'aquesta transfer\u00e8ncia s'ha establert a trav\u00e9s de: Cl\u00e0usules tipus de protecci\u00f3 de dades. Pot consultar m\u00e9s informaci\u00f3 a: https:\/\/privacy.microsoft.com\/es-es\/privacystatement.<\/p>\t\t\t\t\t\t<\/div>\n\t\t\t\t<\/div>\n\t\t\t\t\t<\/div>\n\t\t<\/div>\n\t\t\t\t\t<\/div>\n\t\t<\/section>\n\t\t\t\t<section class=\"elementor-section elementor-top-section elementor-element elementor-element-4f1a3ec elementor-section-boxed elementor-section-height-default elementor-section-height-default\" data-id=\"4f1a3ec\" data-element_type=\"section\">\n\t\t\t\t\t\t<div class=\"elementor-container elementor-column-gap-default\">\n\t\t\t\t\t<div class=\"elementor-column elementor-col-100 elementor-top-column elementor-element elementor-element-1af126c\" data-id=\"1af126c\" data-element_type=\"column\">\n\t\t\t<div class=\"elementor-widget-wrap elementor-element-populated\">\n\t\t\t\t\t\t<div class=\"elementor-element elementor-element-0396e7a elementor-widget elementor-widget-text-editor\" data-id=\"0396e7a\" data-element_type=\"widget\" data-widget_type=\"text-editor.default\">\n\t\t\t\t<div class=\"elementor-widget-container\">\n\t\t\t\t\t\t\t<p><span style=\"text-decoration: underline;\"><strong>2. Tractament de les dades del correu electr\u00f2nic<\/strong><\/span><\/p>\n<p><strong>Amb quina finalitat tractem les seves dades personals?<\/strong><\/p>\n<p>A PREMIA ASSESSORS SCCL tractem la informaci\u00f3 que ens faciliten les persones interessades amb la finalitat de prestar-li els serveis que ens ha sol\u00b7licitat, donar resposta a les seves sol\u00b7licituds d'informaci\u00f3 i enviar-li comunicacions comercials. En el cas que no faciliti les seves dades personals, no podrem complir amb les funcionalitats descrites anteriorment.<\/p>\n<p>No es prendran decisions automatitzades a partir de les dades facilitades.<\/p>\n<p><strong>Durant quant de temps conservarem les seves dades?<\/strong><\/p>\n<p>Les dades es conservaran mentre l'interessat no sol\u00b7liciti la seva supressi\u00f3.<\/p>\n<p><strong>Quina \u00e9s la legitimaci\u00f3 per al tractament de les seves dades?<\/strong><\/p>\n<p>Indiquem la base legal per al tractament de les seves dades:<\/p>\n<p>\u00b7 Execuci\u00f3 d'un contracte: Atendre la seva sol\u00b7licitut.<\/p>\n<p>\u00b7 Inter\u00e8s leg\u00edtim del Responsable: Enviar comunicacions comercials.<\/p>\n<p>\u00b7 Consentiment de l'interessat: Contactar i enviar comunicacions comercials segons l'inter\u00e8s mostrat.<\/p>\n<p><strong>A quins destinataris es comunicaran les seves dades?<\/strong><\/p>\n<p>No es cediran dades a tercers, excepte obligaci\u00f3 legal.<\/p>\n<p>Transfer\u00e8ncies de dades a tercers pa\u00efsos<\/p>\n<p>Estan previstes les seg\u00fcents transfer\u00e8ncies de dades a tercers pa\u00efsos:<\/p>\n<p>\u00b7 Microsoft Corporation, amb la finalitat de realitzar la c\u00f2pia de seguretat de les dades i l\u2019allotjament del correu electr\u00f2nic. La garantia d'aquesta transfer\u00e8ncia s'ha establert a trav\u00e9s de: Cl\u00e0usules tipus de protecci\u00f3 de dades. Pot consultar m\u00e9s informaci\u00f3 a: https:\/\/privacy.microsoft.com\/es-es\/privacystatement.<\/p>\t\t\t\t\t\t<\/div>\n\t\t\t\t<\/div>\n\t\t\t\t\t<\/div>\n\t\t<\/div>\n\t\t\t\t\t<\/div>\n\t\t<\/section>\n\t\t\t\t<section class=\"elementor-section elementor-top-section elementor-element elementor-element-2c47cb7 elementor-section-boxed elementor-section-height-default elementor-section-height-default\" data-id=\"2c47cb7\" data-element_type=\"section\">\n\t\t\t\t\t\t<div class=\"elementor-container elementor-column-gap-default\">\n\t\t\t\t\t<div class=\"elementor-column elementor-col-100 elementor-top-column elementor-element elementor-element-f5b4508\" data-id=\"f5b4508\" data-element_type=\"column\">\n\t\t\t<div class=\"elementor-widget-wrap elementor-element-populated\">\n\t\t\t\t\t\t<div class=\"elementor-element elementor-element-24b06bc elementor-widget elementor-widget-text-editor\" data-id=\"24b06bc\" data-element_type=\"widget\" data-widget_type=\"text-editor.default\">\n\t\t\t\t<div class=\"elementor-widget-container\">\n\t\t\t\t\t\t\t<p><span style=\"text-decoration: underline;\"><strong>3. Tractament de les dades de videovigil\u00e0ncia<\/strong><\/span><\/p>\n<p><strong>Amb quina finalitat tractem les seves dades personals?<\/strong><\/p>\n<p>A PREMIA ASSESSORS SCCL tractem la informaci\u00f3 que ens faciliten les persones interessades amb la finalitat de garantir la seguretat de les persones, b\u00e9ns i instal\u00b7lacions. En el cas que no faciliti les seves dades personals, no podrem complir amb les funcionalitats descrites anteriorment.<\/p>\n<p>No es prendran decisions automatitzades a partir de les dades facilitades.<\/p>\n<p><strong>Durant quant de temps conservarem les seves dades?<\/strong><\/p>\n<p>Les dades es conservaran durant un m\u00e0xim de 30 dies, excepte comunicaci\u00f3 a Forces i Cossos de Seguretat, i\/o Jutjats i Tribunals.<\/p>\n<p><strong>Quina \u00e9s la legitimaci\u00f3 per al tractament de les seves dades?<\/strong><\/p>\n<p>Indiquem la base legal per al tractament de les seves dades:<\/p>\n<p>\u00b7 Missi\u00f3 en inter\u00e8s p\u00fablic: Garantir la seguretat de les persones, b\u00e9ns i instal\u00b7lacions.<\/p>\n<p><strong>A quins destinataris es comunicaran les seves dades?<\/strong><\/p>\n<p>Les dades es comunicaran als seg\u00fcents destinataris:<\/p>\n<p>\u00b7 Si escau, les forces i cossos de seguretat de l\u2019Estat, aix\u00ed com a Jutjats i Tribunals, amb la finalitat d\u2019aportar les imatges si s\u2019ha com\u00e8s un delicte (requisit legal).<\/p>\n<p><strong>Transfer\u00e8ncies de dades a tercers pa\u00efsos<\/strong><\/p>\n<p>No estan previstes transfer\u00e8ncies de dades a tercers pa\u00efsos.<\/p>\t\t\t\t\t\t<\/div>\n\t\t\t\t<\/div>\n\t\t\t\t\t<\/div>\n\t\t<\/div>\n\t\t\t\t\t<\/div>\n\t\t<\/section>\n\t\t\t\t<\/div>","protected":false},"excerpt":{"rendered":"<p>En PREMIA ASSESSORS SCCL nos preocupamos por la privacidad y la transparencia. A continuaci\u00f3n, le indicamos en detalle los tratamientos de datos personales que realizamos, as\u00ed como toda la informaci\u00f3n relativa a los mismos. \u00bfQui\u00e9n es el responsable del tratamiento de sus datos? PREMIA ASSESSORS SCCLF65151284Av. Francesc Maci\u00e0, 10 Entres\u00f2l 1 &#8211; 08800 Vilanova i [&hellip;]<\/p>\n","protected":false},"author":3,"featured_media":0,"parent":0,"menu_order":0,"comment_status":"closed","ping_status":"closed","template":"","meta":[],"_links":{"self":[{"href":"https:\/\/premiavng.com\/ca\/wp-json\/wp\/v2\/pages\/6191"}],"collection":[{"href":"https:\/\/premiavng.com\/ca\/wp-json\/wp\/v2\/pages"}],"about":[{"href":"https:\/\/premiavng.com\/ca\/wp-json\/wp\/v2\/types\/page"}],"author":[{"embeddable":true,"href":"https:\/\/premiavng.com\/ca\/wp-json\/wp\/v2\/users\/3"}],"replies":[{"embeddable":true,"href":"https:\/\/premiavng.com\/ca\/wp-json\/wp\/v2\/comments?post=6191"}],"version-history":[{"count":11,"href":"https:\/\/premiavng.com\/ca\/wp-json\/wp\/v2\/pages\/6191\/revisions"}],"predecessor-version":[{"id":7557,"href":"https:\/\/premiavng.com\/ca\/wp-json\/wp\/v2\/pages\/6191\/revisions\/7557"}],"wp:attachment":[{"href":"https:\/\/premiavng.com\/ca\/wp-json\/wp\/v2\/media?parent=6191"}],"curies":[{"name":"wp","href":"https:\/\/api.w.org\/{rel}","templated":true}]}}