{"id":6248,"date":"2016-11-25T13:58:02","date_gmt":"2016-11-25T13:58:02","guid":{"rendered":"http:\/\/premiavng.com\/?page_id=6248"},"modified":"2022-04-02T09:07:17","modified_gmt":"2022-04-02T07:07:17","slug":"aviso-legal","status":"publish","type":"page","link":"https:\/\/premiavng.com\/ca\/aviso-legal\/","title":{"rendered":"Av\u00eds Legal"},"content":{"rendered":"<div data-elementor-type=\"wp-page\" data-elementor-id=\"6248\" class=\"elementor elementor-6248\">\n\t\t\t\t\t\t<section class=\"elementor-section elementor-top-section elementor-element elementor-element-7581bbf7 elementor-section-boxed elementor-section-height-default elementor-section-height-default\" data-id=\"7581bbf7\" data-element_type=\"section\">\n\t\t\t\t\t\t<div class=\"elementor-container elementor-column-gap-default\">\n\t\t\t\t\t<div class=\"elementor-column elementor-col-100 elementor-top-column elementor-element elementor-element-1eb074be\" data-id=\"1eb074be\" data-element_type=\"column\">\n\t\t\t<div class=\"elementor-widget-wrap elementor-element-populated\">\n\t\t\t\t\t\t<div class=\"elementor-element elementor-element-1322168c elementor-widget elementor-widget-text-editor\" data-id=\"1322168c\" data-element_type=\"widget\" data-widget_type=\"text-editor.default\">\n\t\t\t\t<div class=\"elementor-widget-container\">\n\t\t\t<style>\/*! elementor - v3.23.0 - 05-08-2024 *\/\n.elementor-widget-text-editor.elementor-drop-cap-view-stacked .elementor-drop-cap{background-color:#69727d;color:#fff}.elementor-widget-text-editor.elementor-drop-cap-view-framed .elementor-drop-cap{color:#69727d;border:3px solid;background-color:transparent}.elementor-widget-text-editor:not(.elementor-drop-cap-view-default) .elementor-drop-cap{margin-top:8px}.elementor-widget-text-editor:not(.elementor-drop-cap-view-default) .elementor-drop-cap-letter{width:1em;height:1em}.elementor-widget-text-editor .elementor-drop-cap{float:left;text-align:center;line-height:1;font-size:50px}.elementor-widget-text-editor .elementor-drop-cap-letter{display:inline-block}<\/style>\t\t\t\t<p><!-- wp:spacer {\"height\":20} --><\/p>\n<div style=\"height:20px\" aria-hidden=\"true\" class=\"wp-block-spacer\"><\/div>\n<p><!-- \/wp:spacer --><\/p>\n<p><!-- wp:heading --><\/p>\n<h2><strong>OBJECTE&nbsp;<\/strong><\/h2>\n<p><!-- \/wp:heading --><\/p>\n<p><!-- wp:paragraph --><\/p>\n<p>El present av\u00eds legal regula l'\u00fas i utilitzaci\u00f3 del lloc web www.premiavng.com, del qual \u00e9s titular PREMI\u00c0 ASSESSORS SCCL (d'ara endavant, PREMI\u00c0 ASSESSORS).&nbsp;<\/p>\n<p><!-- \/wp:paragraph --><\/p>\n<p><!-- wp:paragraph --><\/p>\n<p>La navegaci\u00f3 pel lloc web de PREMI\u00c0 ASSESSORS li atribueix la condici\u00f3 d'USUARI del mateix i comporta la seva acceptaci\u00f3 plena i sense reserves de totes i cadascuna de les condicions publicades en aquest av\u00eds legal, advertint que aquestes condicions podran ser modificades sense notificaci\u00f3 pr\u00e8via per part de PREMI\u00c0 ASSESSORS , i en aquest cas es procedir\u00e0 a la seva publicaci\u00f3 i av\u00eds amb la m\u00e0xima antelaci\u00f3 possible.&nbsp;<\/p>\n<p><!-- \/wp:paragraph --><\/p>\n<p><!-- wp:paragraph --><\/p>\n<p>Per aix\u00f2 \u00e9s recomanable llegir atentament el seu contingut en cas de desitjar accedir i fer \u00fas de la informaci\u00f3 i dels serveis oferts des d'aquest lloc web.&nbsp;<\/p>\n<p><!-- \/wp:paragraph --><\/p>\n<p><!-- wp:paragraph --><\/p>\n<p>L'usuari a m\u00e9s, s'obliga a fer un \u00fas correcte del lloc web de conformitat amb les lleis, la bona fe, l'ordre p\u00fablic, els usos del tr\u00e0nsit i el present Av\u00eds Legal, i respondr\u00e0 enfront de PREMI\u00c0 ASSESSORS o enfront de tercers, de qualssevol danys i perjudicis que poguessin causar-se com a conseq\u00fc\u00e8ncia de l'incompliment d'aquesta obligaci\u00f3.&nbsp;<\/p>\n<p><!-- \/wp:paragraph --><\/p>\n<p><!-- wp:paragraph --><\/p>\n<p>Qualsevol utilitzaci\u00f3 diferent a l'autoritzada est\u00e0 expressament prohibida, podent PREMI\u00c0 ASSESSORS denegar o retirar l'acc\u00e9s i el seu \u00fas en qualsevol moment.<\/p>\n<p><!-- \/wp:paragraph --><\/p>\n<p><!-- wp:heading --><\/p>\n<h2><strong>1. IDENTIFICACI\u00d3&nbsp;<\/strong><\/h2>\n<p><!-- \/wp:heading --><\/p>\n<p><!-- wp:paragraph --><\/p>\n<p>PREMI\u00c0 ASSESSORS , en compliment de la Llei 34\/2002, d'11 de juliol, de Serveis de la Societat de la Informaci\u00f3 i de Comer\u00e7 Electr\u00f2nic, l'informa que:&nbsp;<\/p>\n<p><!-- \/wp:paragraph --><\/p>\n<p><!-- wp:paragraph --><\/p>\n<p>\u00b7 La seva denominaci\u00f3 social \u00e9s: PREMI\u00c0 ASSESSORS.&nbsp;<\/p>\n<p><!-- \/wp:paragraph --><\/p>\n<p><!-- wp:paragraph --><\/p>\n<p>\u00b7 El seu nom comercial \u00e9s: PREMI\u00c0 ASSESSORS.&nbsp;<\/p>\n<p><!-- \/wp:paragraph --><\/p>\n<p><!-- wp:paragraph --><\/p>\n<p>\u00b7 El seu CIF \u00e9s: F65151284.&nbsp;<\/p>\n<p><!-- \/wp:paragraph --><\/p>\n<p><!-- wp:paragraph --><\/p>\n<p>\u00b7 El seu domicili social social \u00e9s a: Av. Francesc Maci\u00e0, 10 Entresol 1 \u2013 08800 Vilanova i la Geltr\u00fa \u2013 BARCELONA (ESPA\u00d1A).<\/p>\n<p><!-- \/wp:paragraph --><\/p>\n<p><!-- wp:heading --><\/p>\n<h2><strong>2. COMUNICACIONS&nbsp;<\/strong><\/h2>\n<p><!-- \/wp:heading --><\/p>\n<p><!-- wp:paragraph --><\/p>\n<p>Per a comunicar-se amb nosaltres, posem a la seva disposici\u00f3 diferents mitjans de contacte que detallem a continuaci\u00f3:&nbsp;<\/p>\n<p><!-- \/wp:paragraph --><\/p>\n<p><!-- wp:paragraph --><\/p>\n<p>\u00b7 Tel: 935169222.&nbsp;<\/p>\n<p><!-- \/wp:paragraph --><\/p>\n<p><!-- wp:paragraph --><\/p>\n<p>\u00b7 Email: info@premiavng.com.&nbsp;<\/p>\n<p><!-- \/wp:paragraph --><\/p>\n<p><!-- wp:paragraph --><\/p>\n<p>\u00b7 Direcci\u00f3 postal: Av. Francesc Maci\u00e0, 10 Entresol 1, 08800 Vilanova i la Geltr\u00fa Barcelona.&nbsp;<\/p>\n<p><!-- \/wp:paragraph --><\/p>\n<p><!-- wp:paragraph --><\/p>\n<p>Totes les notificacions i comunicacions entre els usuaris i PREMI\u00c0 ASSESSORS es consideraran eficaces, amb car\u00e0cter general, quan es realitzin a trav\u00e9s de qualsevol mitj\u00e0 dels detallats anteriorment.<\/p>\n<p><!-- \/wp:paragraph --><\/p>\n<p><!-- wp:heading --><\/p>\n<h2><strong>3. CONDICIONS D'ACC\u00c8S I UTILITZACI\u00d3<\/strong>&nbsp;<\/h2>\n<p><!-- \/wp:heading --><\/p>\n<p><!-- wp:paragraph --><\/p>\n<p>El lloc web i els seus serveis s\u00f3n d'acc\u00e9s lliure i gratu\u00eft. No obstant aix\u00f2, PREMI\u00c0 ASSESSORS pot condicionar la utilitzaci\u00f3 d'alguns dels serveis oferts en el seu web al previ emplenament del corresponent formulari.&nbsp;<\/p>\n<p><!-- \/wp:paragraph --><\/p>\n<p><!-- wp:paragraph --><\/p>\n<p>L'usuari garanteix l'autenticitat i actualitat de totes aquelles dades que comuniqui a PREMI\u00c0 ASSESSORS i ser\u00e0 l'\u00fanic responsable de les manifestacions falses o inexactes que realitzi.&nbsp;<\/p>\n<p><!-- \/wp:paragraph --><\/p>\n<p><!-- wp:paragraph --><\/p>\n<p>L'usuari es compromet expressament a fer un \u00fas adequat dels continguts i serveis de PREMI\u00c0 ASSESSORS i a no emprar-los per a, entre altres:&nbsp;<\/p>\n<p><!-- \/wp:paragraph --><\/p>\n<p><!-- wp:paragraph --><\/p>\n<p>a) Difondre continguts delictius, violents, pornogr\u00e0fics, racistes, xen\u00f2fobs, ofensius, d'apologia del terrorisme o, en general, contraris a la llei o a l'ordre p\u00fablic.<\/p>\n<p><!-- \/wp:paragraph --><\/p>\n<p><!-- wp:paragraph --><\/p>\n<p>b) Introduir en la xarxa virus inform\u00e0tics o realitzar actuacions susceptibles d'alterar, espatllar, interrompre o generar errors o danys en els documents electr\u00f2nics, dades o sistemes f\u00edsics i l\u00f2gics de PREMI\u00c0 ASSESSORS o de terceres persones; aix\u00ed com obstaculitzar l'acc\u00e9s d'altres usuaris al lloc web i als seus serveis mitjan\u00e7ant el consum massiu dels recursos inform\u00e0tics a trav\u00e9s dels quals PREMI\u00c0 ASSESSORS presta els seus serveis.&nbsp;<\/p>\n<p><!-- \/wp:paragraph --><\/p>\n<p><!-- wp:paragraph --><\/p>\n<p>c) Intentar accedir als comptes de correu electr\u00f2nic d'altres usuaris o a \u00e0rees restringides dels sistemes inform\u00e0tics de PREMI\u00c0 ASSESSORS o de tercers i, si escau, extreure informaci\u00f3.&nbsp;<\/p>\n<p><!-- \/wp:paragraph --><\/p>\n<p><!-- wp:paragraph --><\/p>\n<p>d) Vulnerar els drets de propietat intel\u00b7lectual o industrial, aix\u00ed com violar la confidencialitat de la informaci\u00f3 de PREMI\u00c0 ASSESSORS o de tercers.&nbsp;<\/p>\n<p><!-- \/wp:paragraph --><\/p>\n<p><!-- wp:paragraph --><\/p>\n<p>e) Suplantar la identitat de qualsevol altre usuari.&nbsp;<\/p>\n<p><!-- \/wp:paragraph --><\/p>\n<p><!-- wp:paragraph --><\/p>\n<p>f) Reproduir, copiar, distribuir, posar a la disposici\u00f3 de, o qualsevol altra forma de comunicaci\u00f3 p\u00fablica, transformar o modificar els continguts, tret que es compti amb l'autoritzaci\u00f3 del titular dels corresponents drets o aix\u00f2 resulti legalment perm\u00e8s.&nbsp;<\/p>\n<p><!-- \/wp:paragraph --><\/p>\n<p><!-- wp:paragraph --><\/p>\n<p>g) Recaptar dades amb finalitat publicit\u00e0ria i de remetre publicitat de qualsevol classe i comunicacions amb finalitats de venda o unes altres de naturalesa comercial sense que medi\u00ef la seva pr\u00e8via sol\u00b7licitud o consentiment.<\/p>\n<p><!-- \/wp:paragraph --><\/p>\n<p><!-- wp:paragraph --><\/p>\n<p>Tots els continguts del lloc web, com a textos, fotografies, gr\u00e0fics, imatges, icones, tecnologia, programari, aix\u00ed com el seu disseny gr\u00e0fic i codis font, constitueixen una obra la propietat de la qual pertany a PREMI\u00c0 ASSESSORS , sense que puguin entendre's cedits a l'usuari cap dels drets d'explotaci\u00f3 sobre els mateixos m\u00e9s enll\u00e0 de l'estrictament necessari per al correcte \u00fas de la web.&nbsp;<\/p>\n<p><!-- \/wp:paragraph --><\/p>\n<p><!-- wp:paragraph --><\/p>\n<p>En definitiva, els usuaris que accedeixin a aquest lloc web poden visualitzar els continguts i efectuar, si escau, c\u00f2pies privades autoritzades sempre que els elements reprodu\u00efts no siguin cedits posteriorment a tercers, ni s'instal\u00b7lin a servidors connectats a xarxes, ni siguin objecte de cap mena d'explotaci\u00f3.&nbsp;<\/p>\n<p><!-- \/wp:paragraph --><\/p>\n<p><!-- wp:paragraph --><\/p>\n<p>Aix\u00ed mateix, totes les marques, noms comercials o signes distintius de qualsevol classe que apareixen en el lloc web s\u00f3n propietat de PREMI\u00c0 ASSESSORS , sense que pugui entendre's que l'\u00fas o acc\u00e9s al mateix atribueixi a l'usuari dret algun sobre aquests.&nbsp;<\/p>\n<p><!-- \/wp:paragraph --><\/p>\n<p><!-- wp:paragraph --><\/p>\n<p>La distribuci\u00f3, modificaci\u00f3, cessi\u00f3 o comunicaci\u00f3 p\u00fablica dels continguts i qualsevol altre acte que no hagi estat expressament autoritzat pel titular dels drets d'explotaci\u00f3 queden prohibits.&nbsp;<\/p>\n<p><!-- \/wp:paragraph --><\/p>\n<p><!-- wp:paragraph --><\/p>\n<p>L'establiment d'un hiperenlace no implica en cap cas l'exist\u00e8ncia de relacions entre PREMI\u00c0 ASSESSORS i el propietari del lloc web en la qual s'estableixi, ni l'acceptaci\u00f3 i aprovaci\u00f3 per part de PREMI\u00c0 ASSESSORS dels seus continguts o serveis.&nbsp;<\/p>\n<p><!-- \/wp:paragraph --><\/p>\n<p><!-- wp:paragraph --><\/p>\n<p>PREMI\u00c0 ASSESSORS no es responsabilitza de l'\u00fas que cada usuari li doni als materials posats a disposici\u00f3 d'aquest lloc web ni de les actuacions que realitzi en base a aquests mateixos.<\/p>\n<p><!-- \/wp:paragraph --><\/p>\n<p><!-- wp:paragraph --><\/p>\n<p><strong>3.1 EXCLUSI\u00d3 DE GARANTIES I DE RESPONSABILITAT EN L'ACC\u00c9S I LA UTILITZACI\u00d3&nbsp;<\/strong><\/p>\n<p><!-- \/wp:paragraph --><\/p>\n<p><!-- wp:paragraph --><\/p>\n<p>El contingut del present lloc web \u00e9s de car\u00e0cter general i t\u00e9 una finalitat merament informativa, sense que es garanteixi plenament l'acc\u00e9s a tots els continguts, ni la seva exhaustivitat, correcci\u00f3, vig\u00e8ncia o actualitat, ni la seva idone\u00eftat o utilitat per a un objectiu espec\u00edfic.&nbsp;<\/p>\n<p><!-- \/wp:paragraph --><\/p>\n<p><!-- wp:paragraph --><\/p>\n<p>PREMI\u00c0 ASSESSORS exclou, fins on permet l'ordenament jur\u00eddic, qualsevol responsabilitat pels danys i perjudicis de tota naturalesa derivats de:&nbsp;<\/p>\n<p><!-- \/wp:paragraph --><\/p>\n<p><!-- wp:paragraph --><\/p>\n<p>a) La impossibilitat d'acc\u00e9s al lloc web o la falta de veracitat, exactitud, exhaustivitat i\/o actualitat dels continguts, aix\u00ed com l'exist\u00e8ncia de vicis i defectes de tota classe dels continguts transmesos, difosos, emmagatzemats, posats a disposici\u00f3, als quals s'hagi accedit a trav\u00e9s del lloc web o dels serveis que s'ofereixen.<\/p>\n<p><!-- \/wp:paragraph --><\/p>\n<p><!-- wp:paragraph --><\/p>\n<p>b) La pres\u00e8ncia de virus o d'altres elements en els continguts que puguin produir alteracions en els sistemes inform\u00e0tics, documents electr\u00f2nics o dades dels usuaris.&nbsp;<\/p>\n<p><!-- \/wp:paragraph --><\/p>\n<p><!-- wp:paragraph --><\/p>\n<p>c) L'incompliment de les lleis, la bona fe, l'ordre p\u00fablic, els usos del tr\u00e0fic i el present av\u00eds legal com a conseq\u00fc\u00e8ncia de l'\u00fas incorrecte del lloc web. En particular, i a mode exemplificatiu, PREMI\u00c0 ASSESSORS no es fa responsable de les actuacions de tercers que vulnerin els drets de la propietat intel\u00b7lectual i industrial, secrets empresarials, drets a l'honor, a la intimitat personal i familiar i a la pr\u00f2pia imatge, aix\u00ed com la normativa en mat\u00e8ria de compet\u00e8ncia deslleial i publicitat il\u00b7l\u00edcita.<\/p>\n<p><!-- \/wp:paragraph --><\/p>\n<p><!-- wp:paragraph --><\/p>\n<p>Aix\u00ed mateix, PREMI\u00c0 ASSESSORS declina qualsevol responsabilitat respecte a la informaci\u00f3 que es trobi fora d'aquesta web i no sigui gestionada directament pel nostre webmaster. La funci\u00f3 dels links que apareixen en aquesta web \u00e9s exclusivament la d'informar l'usuari sobre l'exist\u00e8ncia d'altres fonts susceptibles d'ampliar els continguts que ofereix aquest lloc web. PREMI\u00c0 ASSESSORS no garanteix ni es responsabilitza del funcionament o accessibilitat dels llocs enlla\u00e7ats; ni suggereix, convida o recomana la visita a aquests, per la qual cosa tampoc ser\u00e0 responsable del resultat obtingut. PREMI\u00c0 ASSESSORS no es responsabilitza de l'establiment de hiperv\u00ednculos per part de tercers.<\/p>\n<p><!-- \/wp:paragraph --><\/p>\n<p><!-- wp:paragraph --><\/p>\n<p><strong>3.2 PROCEDIMENT EN CAS DE REALITZACI\u00d3 D'ACTIVITATS DE CAR\u00c0CTER IL\u00b7L\u00cdCIT&nbsp;<\/strong><\/p>\n<p><!-- \/wp:paragraph --><\/p>\n<p><!-- wp:paragraph --><\/p>\n<p>En el cas que qualsevol usuari o un tercer consideri que existeixen fets o circumst\u00e0ncies que revelin el car\u00e0cter il\u00b7l\u00edcit de la utilitzaci\u00f3 de qualsevol contingut i\/o de la realitzaci\u00f3 de qualsevol activitat en les p\u00e0gines web incloses o accessibles a trav\u00e9s del lloc web, haur\u00e0 d'enviar una notificaci\u00f3 a PREMI\u00c0 ASSESSORS identificant-se degudament i especificant les suposades infraccions.<\/p>\n<p><!-- \/wp:paragraph --><\/p>\n<p><!-- wp:paragraph --><\/p>\n<p><strong>3.3 PUBLICACIONS<\/strong>&nbsp;<\/p>\n<p><!-- \/wp:paragraph --><\/p>\n<p><!-- wp:paragraph --><\/p>\n<p>La informaci\u00f3 administrativa facilitada a trav\u00e9s del lloc web no substitueix la publicitat legal de les lleis, normatives, plans, disposicions generals i actes que hagin de ser publicats formalment als diaris oficials de les administracions p\u00fabliques, que constitueixen l'\u00fanic instrument que d\u00f3na fe de la seva autenticitat i contingut. La informaci\u00f3 disponible en aquest lloc web ha d'entendre's com una guia sense prop\u00f2sit de validesa legal.<\/p>\n<p><!-- \/wp:paragraph --><\/p>\n<p><!-- wp:heading --><\/p>\n<h2><strong>4. LEGISLACI\u00d3N APLICABLE&nbsp;<\/strong><\/h2>\n<p><!-- \/wp:heading --><\/p>\n<p><!-- wp:paragraph --><\/p>\n<p>Les condicions presents es regiran per la legislaci\u00f3 espanyola vigent.&nbsp;<\/p>\n<p><!-- \/wp:paragraph --><\/p>\n<p><!-- wp:paragraph --><\/p>\n<p>La llengua utilitzada ser\u00e0 el camp Castell\u00e0.<\/p>\n<p><!-- \/wp:spacer --><\/p>\t\t\t\t\t\t<\/div>\n\t\t\t\t<\/div>\n\t\t\t\t\t<\/div>\n\t\t<\/div>\n\t\t\t\t\t<\/div>\n\t\t<\/section>\n\t\t\t\t<\/div>","protected":false},"excerpt":{"rendered":"<p>OBJETO&nbsp; El presente aviso legal regula el uso y utilizaci\u00f3n del sitio web www.premiavng.com, del que es titular PREMI\u00c0 ASSESSORS SCCL (en adelante, PREMI\u00c0 ASSESSORS).&nbsp; La navegaci\u00f3n por el sitio web de PREMI\u00c0 ASSESSORS le atribuye la condici\u00f3n de USUARIO del mismo y conlleva su aceptaci\u00f3n plena y sin reservas de todas y cada una [&hellip;]<\/p>\n","protected":false},"author":5,"featured_media":0,"parent":0,"menu_order":0,"comment_status":"closed","ping_status":"closed","template":"","meta":[],"_links":{"self":[{"href":"https:\/\/premiavng.com\/ca\/wp-json\/wp\/v2\/pages\/6248"}],"collection":[{"href":"https:\/\/premiavng.com\/ca\/wp-json\/wp\/v2\/pages"}],"about":[{"href":"https:\/\/premiavng.com\/ca\/wp-json\/wp\/v2\/types\/page"}],"author":[{"embeddable":true,"href":"https:\/\/premiavng.com\/ca\/wp-json\/wp\/v2\/users\/5"}],"replies":[{"embeddable":true,"href":"https:\/\/premiavng.com\/ca\/wp-json\/wp\/v2\/comments?post=6248"}],"version-history":[{"count":7,"href":"https:\/\/premiavng.com\/ca\/wp-json\/wp\/v2\/pages\/6248\/revisions"}],"predecessor-version":[{"id":7560,"href":"https:\/\/premiavng.com\/ca\/wp-json\/wp\/v2\/pages\/6248\/revisions\/7560"}],"wp:attachment":[{"href":"https:\/\/premiavng.com\/ca\/wp-json\/wp\/v2\/media?parent=6248"}],"curies":[{"name":"wp","href":"https:\/\/api.w.org\/{rel}","templated":true}]}}