{"id":7249,"date":"2021-08-29T09:50:43","date_gmt":"2021-08-29T09:50:43","guid":{"rendered":"https:\/\/premiavng.com\/?page_id=7249"},"modified":"2023-02-18T09:07:01","modified_gmt":"2023-02-18T08:07:01","slug":"7249-2","status":"publish","type":"page","link":"https:\/\/premiavng.com\/ca\/","title":{"rendered":""},"content":{"rendered":"<div data-elementor-type=\"wp-page\" data-elementor-id=\"7249\" class=\"elementor elementor-7249\">\n\t\t\t\t\t\t<section class=\"elementor-section elementor-top-section elementor-element elementor-element-387a6ab7 elementor-section-boxed elementor-section-height-default elementor-section-height-default\" data-id=\"387a6ab7\" data-element_type=\"section\">\n\t\t\t\t\t\t<div class=\"elementor-container elementor-column-gap-default\">\n\t\t\t\t\t<div class=\"elementor-column elementor-col-100 elementor-top-column elementor-element elementor-element-3d43ab28\" data-id=\"3d43ab28\" data-element_type=\"column\">\n\t\t\t<div class=\"elementor-widget-wrap elementor-element-populated\">\n\t\t\t\t\t\t<div class=\"elementor-element elementor-element-afa325c elementor-widget elementor-widget-text-editor\" data-id=\"afa325c\" data-element_type=\"widget\" data-widget_type=\"text-editor.default\">\n\t\t\t\t<div class=\"elementor-widget-container\">\n\t\t\t<style>\/*! elementor - v3.23.0 - 05-08-2024 *\/\n.elementor-widget-text-editor.elementor-drop-cap-view-stacked .elementor-drop-cap{background-color:#69727d;color:#fff}.elementor-widget-text-editor.elementor-drop-cap-view-framed .elementor-drop-cap{color:#69727d;border:3px solid;background-color:transparent}.elementor-widget-text-editor:not(.elementor-drop-cap-view-default) .elementor-drop-cap{margin-top:8px}.elementor-widget-text-editor:not(.elementor-drop-cap-view-default) .elementor-drop-cap-letter{width:1em;height:1em}.elementor-widget-text-editor .elementor-drop-cap{float:left;text-align:center;line-height:1;font-size:50px}.elementor-widget-text-editor .elementor-drop-cap-letter{display:inline-block}<\/style>\t\t\t\t<!-- wp:group {\"align\":\"wide\"} -->\n<div class=\"wp-block-group alignwide\"><!-- wp:paragraph {\"align\":\"center\"} -->\n<p class=\"has-text-align-center\"><\/p>\n<\/div>\n<!-- \/wp:spacer --><!-- wp:group {\"align\":\"full\"} -->\n<div class=\"wp-block-group alignfull\">\u00a0<\/div>\n<!-- \/wp:group --><!-- wp:paragraph -->\n<p>\u00a0<\/p>\n<!-- \/wp:paragraph -->\t\t\t\t\t\t<\/div>\n\t\t\t\t<\/div>\n\t\t\t\t\t<\/div>\n\t\t<\/div>\n\t\t\t\t\t<\/div>\n\t\t<\/section>\n\t\t\t\t<section class=\"elementor-section elementor-top-section elementor-element elementor-element-beba208 elementor-section-boxed elementor-section-height-default elementor-section-height-default\" data-id=\"beba208\" data-element_type=\"section\">\n\t\t\t\t\t\t<div class=\"elementor-container elementor-column-gap-default\">\n\t\t\t\t\t<div class=\"elementor-column elementor-col-100 elementor-top-column elementor-element elementor-element-b380cef\" data-id=\"b380cef\" data-element_type=\"column\">\n\t\t\t<div class=\"elementor-widget-wrap elementor-element-populated\">\n\t\t\t\t\t\t<div class=\"elementor-element elementor-element-3adc82a elementor-widget elementor-widget-text-editor\" data-id=\"3adc82a\" data-element_type=\"widget\" data-widget_type=\"text-editor.default\">\n\t\t\t\t<div class=\"elementor-widget-container\">\n\t\t\t\t\t\t\t<h3><span style=\"color: #000000;\">Premi\u00e0 Assessors posa a disposici\u00f3 dels seus clients un servei integral efectiu de planificaci\u00f3 i assessorament empresarial que permetr\u00e0 a les empreses reduir despeses, aix\u00ed com establir una millor efic\u00e0cia de gesti\u00f3 a la seva pr\u00f2pia estructura empresarial.<\/span><\/h3>\t\t\t\t\t\t<\/div>\n\t\t\t\t<\/div>\n\t\t\t\t<div class=\"elementor-element elementor-element-b1b9206 elementor-widget elementor-widget-spacer\" data-id=\"b1b9206\" data-element_type=\"widget\" data-widget_type=\"spacer.default\">\n\t\t\t\t<div class=\"elementor-widget-container\">\n\t\t\t<style>\/*! elementor - v3.23.0 - 05-08-2024 *\/\n.elementor-column .elementor-spacer-inner{height:var(--spacer-size)}.e-con{--container-widget-width:100%}.e-con-inner>.elementor-widget-spacer,.e-con>.elementor-widget-spacer{width:var(--container-widget-width,var(--spacer-size));--align-self:var(--container-widget-align-self,initial);--flex-shrink:0}.e-con-inner>.elementor-widget-spacer>.elementor-widget-container,.e-con>.elementor-widget-spacer>.elementor-widget-container{height:100%;width:100%}.e-con-inner>.elementor-widget-spacer>.elementor-widget-container>.elementor-spacer,.e-con>.elementor-widget-spacer>.elementor-widget-container>.elementor-spacer{height:100%}.e-con-inner>.elementor-widget-spacer>.elementor-widget-container>.elementor-spacer>.elementor-spacer-inner,.e-con>.elementor-widget-spacer>.elementor-widget-container>.elementor-spacer>.elementor-spacer-inner{height:var(--container-widget-height,var(--spacer-size))}.e-con-inner>.elementor-widget-spacer.elementor-widget-empty,.e-con>.elementor-widget-spacer.elementor-widget-empty{position:relative;min-height:22px;min-width:22px}.e-con-inner>.elementor-widget-spacer.elementor-widget-empty .elementor-widget-empty-icon,.e-con>.elementor-widget-spacer.elementor-widget-empty .elementor-widget-empty-icon{position:absolute;top:0;bottom:0;left:0;right:0;margin:auto;padding:0;width:22px;height:22px}<\/style>\t\t<div class=\"elementor-spacer\">\n\t\t\t<div class=\"elementor-spacer-inner\"><\/div>\n\t\t<\/div>\n\t\t\t\t<\/div>\n\t\t\t\t<\/div>\n\t\t\t\t\t<\/div>\n\t\t<\/div>\n\t\t\t\t\t<\/div>\n\t\t<\/section>\n\t\t\t\t<section class=\"elementor-section elementor-top-section elementor-element elementor-element-1f2883d elementor-section-boxed elementor-section-height-default elementor-section-height-default\" data-id=\"1f2883d\" data-element_type=\"section\">\n\t\t\t\t\t\t<div class=\"elementor-container elementor-column-gap-default\">\n\t\t\t\t\t<div class=\"elementor-column elementor-col-25 elementor-top-column elementor-element elementor-element-86c1c30\" data-id=\"86c1c30\" data-element_type=\"column\">\n\t\t\t<div class=\"elementor-widget-wrap elementor-element-populated\">\n\t\t\t\t\t\t<div class=\"elementor-element elementor-element-fb7ee53 elementor-position-top elementor-widget elementor-widget-image-box\" data-id=\"fb7ee53\" data-element_type=\"widget\" data-widget_type=\"image-box.default\">\n\t\t\t\t<div class=\"elementor-widget-container\">\n\t\t\t<style>\/*! elementor - v3.23.0 - 05-08-2024 *\/\n.elementor-widget-image-box .elementor-image-box-content{width:100%}@media (min-width:768px){.elementor-widget-image-box.elementor-position-left .elementor-image-box-wrapper,.elementor-widget-image-box.elementor-position-right .elementor-image-box-wrapper{display:flex}.elementor-widget-image-box.elementor-position-right .elementor-image-box-wrapper{text-align:end;flex-direction:row-reverse}.elementor-widget-image-box.elementor-position-left .elementor-image-box-wrapper{text-align:start;flex-direction:row}.elementor-widget-image-box.elementor-position-top .elementor-image-box-img{margin:auto}.elementor-widget-image-box.elementor-vertical-align-top .elementor-image-box-wrapper{align-items:flex-start}.elementor-widget-image-box.elementor-vertical-align-middle .elementor-image-box-wrapper{align-items:center}.elementor-widget-image-box.elementor-vertical-align-bottom .elementor-image-box-wrapper{align-items:flex-end}}@media (max-width:767px){.elementor-widget-image-box .elementor-image-box-img{margin-left:auto!important;margin-right:auto!important;margin-bottom:15px}}.elementor-widget-image-box .elementor-image-box-img{display:inline-block}.elementor-widget-image-box .elementor-image-box-title a{color:inherit}.elementor-widget-image-box .elementor-image-box-wrapper{text-align:center}.elementor-widget-image-box .elementor-image-box-description{margin:0}<\/style><div class=\"elementor-image-box-wrapper\"><figure class=\"elementor-image-box-img\"><img fetchpriority=\"high\" decoding=\"async\" width=\"800\" height=\"800\" src=\"https:\/\/premiavng.com\/wp-content\/uploads\/2021\/08\/banner-premia-assessors-laboral.jpg\" class=\"attachment-full size-full wp-image-7369\" alt=\"\" srcset=\"https:\/\/premiavng.com\/wp-content\/uploads\/2021\/08\/banner-premia-assessors-laboral.jpg 800w, https:\/\/premiavng.com\/wp-content\/uploads\/2021\/08\/banner-premia-assessors-laboral-300x300.jpg 300w, https:\/\/premiavng.com\/wp-content\/uploads\/2021\/08\/banner-premia-assessors-laboral-150x150.jpg 150w, https:\/\/premiavng.com\/wp-content\/uploads\/2021\/08\/banner-premia-assessors-laboral-768x768.jpg 768w\" sizes=\"(max-width: 800px) 100vw, 800px\" \/><\/figure><div class=\"elementor-image-box-content\"><h3 class=\"elementor-image-box-title\">LABORAL<\/h3><p class=\"elementor-image-box-description\">Assessorament i gesti\u00f3 laboral d'empreses, pimes i aut\u00f2noms.<\/p><\/div><\/div>\t\t<\/div>\n\t\t\t\t<\/div>\n\t\t\t\t\t<\/div>\n\t\t<\/div>\n\t\t\t\t<div class=\"elementor-column elementor-col-25 elementor-top-column elementor-element elementor-element-48ac991\" data-id=\"48ac991\" data-element_type=\"column\">\n\t\t\t<div class=\"elementor-widget-wrap elementor-element-populated\">\n\t\t\t\t\t\t<div class=\"elementor-element elementor-element-037fe96 elementor-position-top elementor-widget elementor-widget-image-box\" data-id=\"037fe96\" data-element_type=\"widget\" data-widget_type=\"image-box.default\">\n\t\t\t\t<div class=\"elementor-widget-container\">\n\t\t\t<div class=\"elementor-image-box-wrapper\"><figure class=\"elementor-image-box-img\"><img decoding=\"async\" width=\"800\" height=\"800\" src=\"https:\/\/premiavng.com\/wp-content\/uploads\/2021\/08\/banner-premia-assessors-fiscal.jpg\" class=\"attachment-full size-full wp-image-7368\" alt=\"\" srcset=\"https:\/\/premiavng.com\/wp-content\/uploads\/2021\/08\/banner-premia-assessors-fiscal.jpg 800w, https:\/\/premiavng.com\/wp-content\/uploads\/2021\/08\/banner-premia-assessors-fiscal-300x300.jpg 300w, https:\/\/premiavng.com\/wp-content\/uploads\/2021\/08\/banner-premia-assessors-fiscal-150x150.jpg 150w, https:\/\/premiavng.com\/wp-content\/uploads\/2021\/08\/banner-premia-assessors-fiscal-768x768.jpg 768w\" sizes=\"(max-width: 800px) 100vw, 800px\" \/><\/figure><div class=\"elementor-image-box-content\"><h3 class=\"elementor-image-box-title\">FISCAL<\/h3><p class=\"elementor-image-box-description\">Assessorament i planificaci\u00f3 fiscal per a les societats i les persones f\u00edsiques.<\/p><\/div><\/div>\t\t<\/div>\n\t\t\t\t<\/div>\n\t\t\t\t\t<\/div>\n\t\t<\/div>\n\t\t\t\t<div class=\"elementor-column elementor-col-25 elementor-top-column elementor-element elementor-element-461ff19\" data-id=\"461ff19\" data-element_type=\"column\">\n\t\t\t<div class=\"elementor-widget-wrap elementor-element-populated\">\n\t\t\t\t\t\t<div class=\"elementor-element elementor-element-0f47dce elementor-position-top elementor-widget elementor-widget-image-box\" data-id=\"0f47dce\" data-element_type=\"widget\" data-widget_type=\"image-box.default\">\n\t\t\t\t<div class=\"elementor-widget-container\">\n\t\t\t<div class=\"elementor-image-box-wrapper\"><figure class=\"elementor-image-box-img\"><img decoding=\"async\" width=\"800\" height=\"800\" src=\"https:\/\/premiavng.com\/wp-content\/uploads\/2021\/08\/banner-premia-assessors-legal.jpg\" class=\"attachment-full size-full wp-image-7370\" alt=\"\" srcset=\"https:\/\/premiavng.com\/wp-content\/uploads\/2021\/08\/banner-premia-assessors-legal.jpg 800w, https:\/\/premiavng.com\/wp-content\/uploads\/2021\/08\/banner-premia-assessors-legal-300x300.jpg 300w, https:\/\/premiavng.com\/wp-content\/uploads\/2021\/08\/banner-premia-assessors-legal-150x150.jpg 150w, https:\/\/premiavng.com\/wp-content\/uploads\/2021\/08\/banner-premia-assessors-legal-768x768.jpg 768w\" sizes=\"(max-width: 800px) 100vw, 800px\" \/><\/figure><div class=\"elementor-image-box-content\"><h3 class=\"elementor-image-box-title\">JUR\u00cdDIC<\/h3><p class=\"elementor-image-box-description\">Assessorament legal: Dret penal, Dret immobiliari i Dret successori.<\/p><\/div><\/div>\t\t<\/div>\n\t\t\t\t<\/div>\n\t\t\t\t\t<\/div>\n\t\t<\/div>\n\t\t\t\t<div class=\"elementor-column elementor-col-25 elementor-top-column elementor-element elementor-element-20cff90\" data-id=\"20cff90\" data-element_type=\"column\">\n\t\t\t<div class=\"elementor-widget-wrap elementor-element-populated\">\n\t\t\t\t\t\t<div class=\"elementor-element elementor-element-ed35b8f elementor-position-top elementor-widget elementor-widget-image-box\" data-id=\"ed35b8f\" data-element_type=\"widget\" data-widget_type=\"image-box.default\">\n\t\t\t\t<div class=\"elementor-widget-container\">\n\t\t\t<div class=\"elementor-image-box-wrapper\"><figure class=\"elementor-image-box-img\"><img loading=\"lazy\" decoding=\"async\" width=\"800\" height=\"800\" src=\"https:\/\/premiavng.com\/wp-content\/uploads\/2021\/08\/banner-premia-assessors-outsourcing.jpg\" class=\"attachment-full size-full wp-image-7371\" alt=\"\" srcset=\"https:\/\/premiavng.com\/wp-content\/uploads\/2021\/08\/banner-premia-assessors-outsourcing.jpg 800w, https:\/\/premiavng.com\/wp-content\/uploads\/2021\/08\/banner-premia-assessors-outsourcing-300x300.jpg 300w, https:\/\/premiavng.com\/wp-content\/uploads\/2021\/08\/banner-premia-assessors-outsourcing-150x150.jpg 150w, https:\/\/premiavng.com\/wp-content\/uploads\/2021\/08\/banner-premia-assessors-outsourcing-768x768.jpg 768w\" sizes=\"(max-width: 800px) 100vw, 800px\" \/><\/figure><div class=\"elementor-image-box-content\"><h3 class=\"elementor-image-box-title\">OUTSOURCING<\/h3><p class=\"elementor-image-box-description\">Ajudem a que la seva empresa centri els seus esfor\u00e7os en els aspectes essencials del negoci.<\/p><\/div><\/div>\t\t<\/div>\n\t\t\t\t<\/div>\n\t\t\t\t\t<\/div>\n\t\t<\/div>\n\t\t\t\t\t<\/div>\n\t\t<\/section>\n\t\t\t\t<section class=\"elementor-section elementor-top-section elementor-element elementor-element-8000fd4 elementor-section-boxed elementor-section-height-default elementor-section-height-default\" data-id=\"8000fd4\" data-element_type=\"section\">\n\t\t\t\t\t\t<div class=\"elementor-container elementor-column-gap-default\">\n\t\t\t\t\t<div class=\"elementor-column elementor-col-100 elementor-top-column elementor-element elementor-element-9fdcd79\" data-id=\"9fdcd79\" data-element_type=\"column\">\n\t\t\t<div class=\"elementor-widget-wrap elementor-element-populated\">\n\t\t\t\t\t\t<div class=\"elementor-element elementor-element-7d2c8d3 elementor-widget elementor-widget-spacer\" data-id=\"7d2c8d3\" data-element_type=\"widget\" data-widget_type=\"spacer.default\">\n\t\t\t\t<div class=\"elementor-widget-container\">\n\t\t\t\t\t<div class=\"elementor-spacer\">\n\t\t\t<div class=\"elementor-spacer-inner\"><\/div>\n\t\t<\/div>\n\t\t\t\t<\/div>\n\t\t\t\t<\/div>\n\t\t\t\t\t<\/div>\n\t\t<\/div>\n\t\t\t\t\t<\/div>\n\t\t<\/section>\n\t\t\t\t<section class=\"elementor-section elementor-top-section elementor-element elementor-element-80c8ad5 elementor-section-boxed elementor-section-height-default elementor-section-height-default\" data-id=\"80c8ad5\" data-element_type=\"section\">\n\t\t\t\t\t\t<div class=\"elementor-container elementor-column-gap-default\">\n\t\t\t\t\t<div class=\"elementor-column elementor-col-100 elementor-top-column elementor-element elementor-element-e5759e5\" data-id=\"e5759e5\" data-element_type=\"column\">\n\t\t\t<div class=\"elementor-widget-wrap\">\n\t\t\t\t\t\t\t<\/div>\n\t\t<\/div>\n\t\t\t\t\t<\/div>\n\t\t<\/section>\n\t\t\t\t<section class=\"elementor-section elementor-top-section elementor-element elementor-element-3ac180f elementor-section-boxed elementor-section-height-default elementor-section-height-default\" data-id=\"3ac180f\" data-element_type=\"section\">\n\t\t\t\t\t\t<div class=\"elementor-container elementor-column-gap-default\">\n\t\t\t\t\t<div class=\"elementor-column elementor-col-100 elementor-top-column elementor-element elementor-element-ff634c4\" data-id=\"ff634c4\" data-element_type=\"column\">\n\t\t\t<div class=\"elementor-widget-wrap elementor-element-populated\">\n\t\t\t\t\t\t<div class=\"elementor-element elementor-element-2bbf13d elementor-invisible elementor-widget elementor-widget-wp-widget-recent-posts\" data-id=\"2bbf13d\" data-element_type=\"widget\" data-settings=\"{&quot;_animation&quot;:&quot;fadeInLeft&quot;}\" data-widget_type=\"wp-widget-recent-posts.default\">\n\t\t\t\t<div class=\"elementor-widget-container\">\n\t\t\t\n\t\t\n\t\t<h5>POT SER DEL SEU INTER\u00c8S...<\/h5>\n\t\t<ul>\n\t\t\t\t\t\t\t\t\t\t\t<li>\n\t\t\t\t\t<a href=\"https:\/\/premiavng.com\/ca\/nuevo-fraccionamiento-de-deudas-aeat\/\">NOU FRACCIONAMENT DE DEUTES DE LA AEAT<\/a>\n\t\t\t\t\t\t\t\t\t<\/li>\n\t\t\t\t\t\t\t\t\t\t\t<li>\n\t\t\t\t\t<a href=\"https:\/\/premiavng.com\/ca\/cambios-en-la-comunicacion-de-partes-de-baja-confirmacion-y-alta-medica\/\">CANVIS A LA COMUNICACI\u00d3 DE PARTS DE BAIXA, CONFIRMACI\u00d3 I ALTA M\u00c8DICA<\/a>\n\t\t\t\t\t\t\t\t\t<\/li>\n\t\t\t\t\t\t\t\t\t\t\t<li>\n\t\t\t\t\t<a href=\"https:\/\/premiavng.com\/ca\/participacion-en-el-programa-timol\/\">PARTICIPACI\u00d3 AL PROGRAMA TIMOL<\/a>\n\t\t\t\t\t\t\t\t\t<\/li>\n\t\t\t\t\t<\/ul>\n\n\t\t\t\t<\/div>\n\t\t\t\t<\/div>\n\t\t\t\t<div class=\"elementor-element elementor-element-34de179 elementor-widget elementor-widget-spacer\" data-id=\"34de179\" data-element_type=\"widget\" data-widget_type=\"spacer.default\">\n\t\t\t\t<div class=\"elementor-widget-container\">\n\t\t\t\t\t<div class=\"elementor-spacer\">\n\t\t\t<div class=\"elementor-spacer-inner\"><\/div>\n\t\t<\/div>\n\t\t\t\t<\/div>\n\t\t\t\t<\/div>\n\t\t\t\t\t<\/div>\n\t\t<\/div>\n\t\t\t\t\t<\/div>\n\t\t<\/section>\n\t\t\t\t<\/div>","protected":false},"excerpt":{"rendered":"<p>\u00a0 \u00a0<\/p>","protected":false},"author":5,"featured_media":0,"parent":0,"menu_order":0,"comment_status":"closed","ping_status":"closed","template":"","meta":[],"_links":{"self":[{"href":"https:\/\/premiavng.com\/ca\/wp-json\/wp\/v2\/pages\/7249"}],"collection":[{"href":"https:\/\/premiavng.com\/ca\/wp-json\/wp\/v2\/pages"}],"about":[{"href":"https:\/\/premiavng.com\/ca\/wp-json\/wp\/v2\/types\/page"}],"author":[{"embeddable":true,"href":"https:\/\/premiavng.com\/ca\/wp-json\/wp\/v2\/users\/5"}],"replies":[{"embeddable":true,"href":"https:\/\/premiavng.com\/ca\/wp-json\/wp\/v2\/comments?post=7249"}],"version-history":[{"count":54,"href":"https:\/\/premiavng.com\/ca\/wp-json\/wp\/v2\/pages\/7249\/revisions"}],"predecessor-version":[{"id":7608,"href":"https:\/\/premiavng.com\/ca\/wp-json\/wp\/v2\/pages\/7249\/revisions\/7608"}],"wp:attachment":[{"href":"https:\/\/premiavng.com\/ca\/wp-json\/wp\/v2\/media?parent=7249"}],"curies":[{"name":"wp","href":"https:\/\/api.w.org\/{rel}","templated":true}]}}