{"id":7354,"date":"2021-08-29T18:22:47","date_gmt":"2021-08-29T18:22:47","guid":{"rendered":"https:\/\/premiavng.com\/?page_id=7354"},"modified":"2022-02-15T08:01:21","modified_gmt":"2022-02-15T07:01:21","slug":"noticias-2","status":"publish","type":"page","link":"https:\/\/premiavng.com\/ca\/noticias-2\/","title":{"rendered":"Not\u00edcies"},"content":{"rendered":"\n<div style=\"height:20px\" aria-hidden=\"true\" class=\"wp-block-spacer\"><\/div>\n\n\n<ul class=\"wp-block-latest-posts__list is-grid columns-2 wp-block-latest-posts\"><li><div class=\"wp-block-latest-posts__featured-image aligncenter\"><img fetchpriority=\"high\" width=\"300\" height=\"188\" src=\"https:\/\/premiavng.com\/wp-content\/uploads\/2023\/03\/premia-assessors-fraccaionamiento-deudas-aeat-300x188.jpg\" class=\"attachment-medium size-medium wp-post-image\" alt=\"\" decoding=\"async\" style=\"\" srcset=\"https:\/\/premiavng.com\/wp-content\/uploads\/2023\/03\/premia-assessors-fraccaionamiento-deudas-aeat-300x188.jpg 300w, https:\/\/premiavng.com\/wp-content\/uploads\/2023\/03\/premia-assessors-fraccaionamiento-deudas-aeat-1024x640.jpg 1024w, https:\/\/premiavng.com\/wp-content\/uploads\/2023\/03\/premia-assessors-fraccaionamiento-deudas-aeat-768x480.jpg 768w, https:\/\/premiavng.com\/wp-content\/uploads\/2023\/03\/premia-assessors-fraccaionamiento-deudas-aeat-18x12.jpg 18w, https:\/\/premiavng.com\/wp-content\/uploads\/2023\/03\/premia-assessors-fraccaionamiento-deudas-aeat.jpg 1280w\" sizes=\"(max-width: 300px) 100vw, 300px\" \/><\/div><a class=\"wp-block-latest-posts__post-title\" href=\"https:\/\/premiavng.com\/ca\/nuevo-fraccionamiento-de-deudas-aeat\/\">NUEVO FRACCIONAMIENTO DE DEUDAS DE LA AEAT<\/a><div class=\"wp-block-latest-posts__post-excerpt\">Las deudas a la Agencia Tributaria se pueden aplazar o fraccionar con una solicitud previa del obligado tributario cuando su [&hellip;]<\/div><\/li>\n<li><div class=\"wp-block-latest-posts__featured-image aligncenter\"><img width=\"300\" height=\"188\" src=\"https:\/\/premiavng.com\/wp-content\/uploads\/2023\/02\/premia-assessors-tramitacion-baja-medica-300x188.jpg\" class=\"attachment-medium size-medium wp-post-image\" alt=\"\" decoding=\"async\" style=\"\" srcset=\"https:\/\/premiavng.com\/wp-content\/uploads\/2023\/02\/premia-assessors-tramitacion-baja-medica-300x188.jpg 300w, https:\/\/premiavng.com\/wp-content\/uploads\/2023\/02\/premia-assessors-tramitacion-baja-medica-1024x640.jpg 1024w, https:\/\/premiavng.com\/wp-content\/uploads\/2023\/02\/premia-assessors-tramitacion-baja-medica-768x480.jpg 768w, https:\/\/premiavng.com\/wp-content\/uploads\/2023\/02\/premia-assessors-tramitacion-baja-medica-18x12.jpg 18w, https:\/\/premiavng.com\/wp-content\/uploads\/2023\/02\/premia-assessors-tramitacion-baja-medica.jpg 1280w\" sizes=\"(max-width: 300px) 100vw, 300px\" \/><\/div><a class=\"wp-block-latest-posts__post-title\" href=\"https:\/\/premiavng.com\/ca\/cambios-en-la-comunicacion-de-partes-de-baja-confirmacion-y-alta-medica\/\">CAMBIOS EN LA COMUNICACI\u00d3N DE PARTES DE BAJA, CONFIRMACI\u00d3N Y ALTA M\u00c9DICA<\/a><div class=\"wp-block-latest-posts__post-excerpt\">El pr\u00f3ximo 1 de abril de 2023, entrar\u00e1 en vigor el Real Decreto 1060\/2022, por el que se regulan determinados [&hellip;]<\/div><\/li>\n<li><div class=\"wp-block-latest-posts__featured-image aligncenter\"><img width=\"300\" height=\"188\" src=\"https:\/\/premiavng.com\/wp-content\/uploads\/2022\/05\/premia-assessors-programa-timol-vilanova-i-la-geltru-300x188.jpg\" class=\"attachment-medium size-medium wp-post-image\" alt=\"\" decoding=\"async\" style=\"\" srcset=\"https:\/\/premiavng.com\/wp-content\/uploads\/2022\/05\/premia-assessors-programa-timol-vilanova-i-la-geltru-300x188.jpg 300w, https:\/\/premiavng.com\/wp-content\/uploads\/2022\/05\/premia-assessors-programa-timol-vilanova-i-la-geltru-1024x640.jpg 1024w, https:\/\/premiavng.com\/wp-content\/uploads\/2022\/05\/premia-assessors-programa-timol-vilanova-i-la-geltru-768x480.jpg 768w, https:\/\/premiavng.com\/wp-content\/uploads\/2022\/05\/premia-assessors-programa-timol-vilanova-i-la-geltru-18x12.jpg 18w, https:\/\/premiavng.com\/wp-content\/uploads\/2022\/05\/premia-assessors-programa-timol-vilanova-i-la-geltru.jpg 1280w\" sizes=\"(max-width: 300px) 100vw, 300px\" \/><\/div><a class=\"wp-block-latest-posts__post-title\" href=\"https:\/\/premiavng.com\/ca\/participacion-en-el-programa-timol\/\">PARTICIPACI\u00d3N EN EL PROGRAMA TIMOL<\/a><div class=\"wp-block-latest-posts__post-excerpt\">Durante las pr\u00f3ximas semanas a\u00f1adimos a nuestro equipo un nuevo integrante mediante el programa TIMOL, cuyo principal objetivo es facilitar [&hellip;]<\/div><\/li>\n<li><div class=\"wp-block-latest-posts__featured-image aligncenter\"><img loading=\"lazy\" width=\"300\" height=\"188\" src=\"https:\/\/premiavng.com\/wp-content\/uploads\/2022\/03\/premia-assessors-subvenciones-contratacion-300x188.jpg\" class=\"attachment-medium size-medium wp-post-image\" alt=\"\" decoding=\"async\" style=\"\" srcset=\"https:\/\/premiavng.com\/wp-content\/uploads\/2022\/03\/premia-assessors-subvenciones-contratacion-300x188.jpg 300w, https:\/\/premiavng.com\/wp-content\/uploads\/2022\/03\/premia-assessors-subvenciones-contratacion-1024x640.jpg 1024w, https:\/\/premiavng.com\/wp-content\/uploads\/2022\/03\/premia-assessors-subvenciones-contratacion-768x480.jpg 768w, https:\/\/premiavng.com\/wp-content\/uploads\/2022\/03\/premia-assessors-subvenciones-contratacion-18x12.jpg 18w, https:\/\/premiavng.com\/wp-content\/uploads\/2022\/03\/premia-assessors-subvenciones-contratacion.jpg 1280w\" sizes=\"(max-width: 300px) 100vw, 300px\" \/><\/div><a class=\"wp-block-latest-posts__post-title\" href=\"https:\/\/premiavng.com\/ca\/subvenciones-en-contratacion-por-el-servei-docupacio-de-catalunya\/\">SUBVENCIONES EN CONTRATACI\u00d3N POR EL SERVEI D&#8217;OCUPACI\u00d3 DE CATALUNYA<\/a><div class=\"wp-block-latest-posts__post-excerpt\">Se ha abierto la convocatoria para la concesi\u00f3n de subvenciones de contrataci\u00f3n para personas, de 30 a\u00f1os o m\u00e1s, en [&hellip;]<\/div><\/li>\n<li><div class=\"wp-block-latest-posts__featured-image aligncenter\"><img loading=\"lazy\" width=\"300\" height=\"188\" src=\"https:\/\/premiavng.com\/wp-content\/uploads\/2021\/10\/premia-assessors-gestoria-cuenta-corriente-tributaria-300x188.jpg\" class=\"attachment-medium size-medium wp-post-image\" alt=\"\" decoding=\"async\" style=\"\" srcset=\"https:\/\/premiavng.com\/wp-content\/uploads\/2021\/10\/premia-assessors-gestoria-cuenta-corriente-tributaria-300x188.jpg 300w, https:\/\/premiavng.com\/wp-content\/uploads\/2021\/10\/premia-assessors-gestoria-cuenta-corriente-tributaria-1024x640.jpg 1024w, https:\/\/premiavng.com\/wp-content\/uploads\/2021\/10\/premia-assessors-gestoria-cuenta-corriente-tributaria-768x480.jpg 768w, https:\/\/premiavng.com\/wp-content\/uploads\/2021\/10\/premia-assessors-gestoria-cuenta-corriente-tributaria-18x12.jpg 18w, https:\/\/premiavng.com\/wp-content\/uploads\/2021\/10\/premia-assessors-gestoria-cuenta-corriente-tributaria.jpg 1280w\" sizes=\"(max-width: 300px) 100vw, 300px\" \/><\/div><a class=\"wp-block-latest-posts__post-title\" href=\"https:\/\/premiavng.com\/ca\/nuevo-modelo-de-cuenta-corriente-tributaria\/\">NUEVO MODELO DE CUENTA CORRIENTE TRIBUTARIA<\/a><div class=\"wp-block-latest-posts__post-excerpt\">\u00bfConoce las ventajas de acogerse al sistema de Cuenta Corriente Tributaria para el a\u00f1o 2022? Desde este mes de Octubre, [&hellip;]<\/div><\/li>\n<li><div class=\"wp-block-latest-posts__featured-image aligncenter\"><img loading=\"lazy\" width=\"300\" height=\"188\" src=\"https:\/\/premiavng.com\/wp-content\/uploads\/2021\/10\/premia-assessors-factura-electronica-obligatoria-300x188.jpg\" class=\"attachment-medium size-medium wp-post-image\" alt=\"\" decoding=\"async\" style=\"\" srcset=\"https:\/\/premiavng.com\/wp-content\/uploads\/2021\/10\/premia-assessors-factura-electronica-obligatoria-300x188.jpg 300w, https:\/\/premiavng.com\/wp-content\/uploads\/2021\/10\/premia-assessors-factura-electronica-obligatoria-1024x640.jpg 1024w, https:\/\/premiavng.com\/wp-content\/uploads\/2021\/10\/premia-assessors-factura-electronica-obligatoria-768x480.jpg 768w, https:\/\/premiavng.com\/wp-content\/uploads\/2021\/10\/premia-assessors-factura-electronica-obligatoria-18x12.jpg 18w, https:\/\/premiavng.com\/wp-content\/uploads\/2021\/10\/premia-assessors-factura-electronica-obligatoria.jpg 1280w\" sizes=\"(max-width: 300px) 100vw, 300px\" \/><\/div><a class=\"wp-block-latest-posts__post-title\" href=\"https:\/\/premiavng.com\/ca\/uso-obligatorio-de-la-factura-electronica\/\">USO OBLIGATORIO DE LA FACTURA ELECTR\u00d3NICA<\/a><div class=\"wp-block-latest-posts__post-excerpt\">Actualmente s\u00f3lo es necesaria para aquellos trabajadores por cuenta propia que proveen o dan servicios a las administraciones p\u00fablicas. Hace [&hellip;]<\/div><\/li>\n<li><div class=\"wp-block-latest-posts__featured-image aligncenter\"><img loading=\"lazy\" width=\"300\" height=\"188\" src=\"https:\/\/premiavng.com\/wp-content\/uploads\/2021\/09\/premia-assessors-inspeccion-trabajo-seguridad-social-2021-2023-300x188.jpg\" class=\"attachment-medium size-medium wp-post-image\" alt=\"\" decoding=\"async\" style=\"\" srcset=\"https:\/\/premiavng.com\/wp-content\/uploads\/2021\/09\/premia-assessors-inspeccion-trabajo-seguridad-social-2021-2023-300x188.jpg 300w, https:\/\/premiavng.com\/wp-content\/uploads\/2021\/09\/premia-assessors-inspeccion-trabajo-seguridad-social-2021-2023-1024x640.jpg 1024w, https:\/\/premiavng.com\/wp-content\/uploads\/2021\/09\/premia-assessors-inspeccion-trabajo-seguridad-social-2021-2023-768x480.jpg 768w, https:\/\/premiavng.com\/wp-content\/uploads\/2021\/09\/premia-assessors-inspeccion-trabajo-seguridad-social-2021-2023-18x12.jpg 18w, https:\/\/premiavng.com\/wp-content\/uploads\/2021\/09\/premia-assessors-inspeccion-trabajo-seguridad-social-2021-2023.jpg 1280w\" sizes=\"(max-width: 300px) 100vw, 300px\" \/><\/div><a class=\"wp-block-latest-posts__post-title\" href=\"https:\/\/premiavng.com\/ca\/inspeccion-de-trabajo-y-seguridad-social-2021-2023\/\">INSPECCI\u00d3N DE TRABAJO Y SEGURIDAD SOCIAL 2021-2023<\/a><div class=\"wp-block-latest-posts__post-excerpt\">El Plan Estrat\u00e9gico de la inspecci\u00f3n de trabajo y la Seguridad Social hasta 2023 tiene, como objetivo general, reforzar normativamente [&hellip;]<\/div><\/li>\n<li><div class=\"wp-block-latest-posts__featured-image aligncenter\"><img loading=\"lazy\" width=\"300\" height=\"188\" src=\"https:\/\/premiavng.com\/wp-content\/uploads\/2021\/03\/premia-assessors-gestoria-vilanova-i-la-geltru-renta-2020-300x188.jpg\" class=\"attachment-medium size-medium wp-post-image\" alt=\"\" decoding=\"async\" style=\"\" srcset=\"https:\/\/premiavng.com\/wp-content\/uploads\/2021\/03\/premia-assessors-gestoria-vilanova-i-la-geltru-renta-2020-300x188.jpg 300w, https:\/\/premiavng.com\/wp-content\/uploads\/2021\/03\/premia-assessors-gestoria-vilanova-i-la-geltru-renta-2020-1024x640.jpg 1024w, https:\/\/premiavng.com\/wp-content\/uploads\/2021\/03\/premia-assessors-gestoria-vilanova-i-la-geltru-renta-2020-768x480.jpg 768w, https:\/\/premiavng.com\/wp-content\/uploads\/2021\/03\/premia-assessors-gestoria-vilanova-i-la-geltru-renta-2020-710x444.jpg 710w, https:\/\/premiavng.com\/wp-content\/uploads\/2021\/03\/premia-assessors-gestoria-vilanova-i-la-geltru-renta-2020-1040x650.jpg 1040w, https:\/\/premiavng.com\/wp-content\/uploads\/2021\/03\/premia-assessors-gestoria-vilanova-i-la-geltru-renta-2020.jpg 1280w\" sizes=\"(max-width: 300px) 100vw, 300px\" \/><\/div><a class=\"wp-block-latest-posts__post-title\" href=\"https:\/\/premiavng.com\/ca\/consejos-para-la-declaracion-de-la-renta-2020\/\">CONSEJOS PARA LA DECLARACI\u00d3N DE LA RENTA 2020<\/a><div class=\"wp-block-latest-posts__post-excerpt\">El pr\u00f3ximo 7 de abril empieza la campa\u00f1a de la renta y los contribuyentes deben presentar la documentaci\u00f3n necesaria para [&hellip;]<\/div><\/li>\n<\/ul>","protected":false},"excerpt":{"rendered":"","protected":false},"author":5,"featured_media":0,"parent":0,"menu_order":0,"comment_status":"closed","ping_status":"closed","template":"","meta":[],"_links":{"self":[{"href":"https:\/\/premiavng.com\/ca\/wp-json\/wp\/v2\/pages\/7354"}],"collection":[{"href":"https:\/\/premiavng.com\/ca\/wp-json\/wp\/v2\/pages"}],"about":[{"href":"https:\/\/premiavng.com\/ca\/wp-json\/wp\/v2\/types\/page"}],"author":[{"embeddable":true,"href":"https:\/\/premiavng.com\/ca\/wp-json\/wp\/v2\/users\/5"}],"replies":[{"embeddable":true,"href":"https:\/\/premiavng.com\/ca\/wp-json\/wp\/v2\/comments?post=7354"}],"version-history":[{"count":6,"href":"https:\/\/premiavng.com\/ca\/wp-json\/wp\/v2\/pages\/7354\/revisions"}],"predecessor-version":[{"id":7538,"href":"https:\/\/premiavng.com\/ca\/wp-json\/wp\/v2\/pages\/7354\/revisions\/7538"}],"wp:attachment":[{"href":"https:\/\/premiavng.com\/ca\/wp-json\/wp\/v2\/media?parent=7354"}],"curies":[{"name":"wp","href":"https:\/\/api.w.org\/{rel}","templated":true}]}}