{"id":7365,"date":"2021-08-29T18:42:20","date_gmt":"2021-08-29T18:42:20","guid":{"rendered":"https:\/\/premiavng.com\/?page_id=7365"},"modified":"2021-08-29T18:52:22","modified_gmt":"2021-08-29T18:52:22","slug":"servicios-premia-assessors","status":"publish","type":"page","link":"https:\/\/premiavng.com\/ca\/servicios-premia-assessors\/","title":{"rendered":"Serveis"},"content":{"rendered":"\t\t<div data-elementor-type=\"wp-page\" data-elementor-id=\"7365\" class=\"elementor elementor-7365\">\n\t\t\t\t\t\t<section class=\"elementor-section elementor-top-section elementor-element elementor-element-1914b4b elementor-section-boxed elementor-section-height-default elementor-section-height-default\" data-id=\"1914b4b\" data-element_type=\"section\">\n\t\t\t\t\t\t<div class=\"elementor-container elementor-column-gap-default\">\n\t\t\t\t\t<div class=\"elementor-column elementor-col-100 elementor-top-column elementor-element elementor-element-eed3e1b\" data-id=\"eed3e1b\" data-element_type=\"column\">\n\t\t\t<div class=\"elementor-widget-wrap elementor-element-populated\">\n\t\t\t\t\t\t<div class=\"elementor-element elementor-element-3c16805 elementor-widget elementor-widget-spacer\" data-id=\"3c16805\" data-element_type=\"widget\" data-widget_type=\"spacer.default\">\n\t\t\t\t<div class=\"elementor-widget-container\">\n\t\t\t<style>\/*! elementor - v3.23.0 - 05-08-2024 *\/\n.elementor-column .elementor-spacer-inner{height:var(--spacer-size)}.e-con{--container-widget-width:100%}.e-con-inner>.elementor-widget-spacer,.e-con>.elementor-widget-spacer{width:var(--container-widget-width,var(--spacer-size));--align-self:var(--container-widget-align-self,initial);--flex-shrink:0}.e-con-inner>.elementor-widget-spacer>.elementor-widget-container,.e-con>.elementor-widget-spacer>.elementor-widget-container{height:100%;width:100%}.e-con-inner>.elementor-widget-spacer>.elementor-widget-container>.elementor-spacer,.e-con>.elementor-widget-spacer>.elementor-widget-container>.elementor-spacer{height:100%}.e-con-inner>.elementor-widget-spacer>.elementor-widget-container>.elementor-spacer>.elementor-spacer-inner,.e-con>.elementor-widget-spacer>.elementor-widget-container>.elementor-spacer>.elementor-spacer-inner{height:var(--container-widget-height,var(--spacer-size))}.e-con-inner>.elementor-widget-spacer.elementor-widget-empty,.e-con>.elementor-widget-spacer.elementor-widget-empty{position:relative;min-height:22px;min-width:22px}.e-con-inner>.elementor-widget-spacer.elementor-widget-empty .elementor-widget-empty-icon,.e-con>.elementor-widget-spacer.elementor-widget-empty .elementor-widget-empty-icon{position:absolute;top:0;bottom:0;left:0;right:0;margin:auto;padding:0;width:22px;height:22px}<\/style>\t\t<div class=\"elementor-spacer\">\n\t\t\t<div class=\"elementor-spacer-inner\"><\/div>\n\t\t<\/div>\n\t\t\t\t<\/div>\n\t\t\t\t<\/div>\n\t\t\t\t\t<\/div>\n\t\t<\/div>\n\t\t\t\t\t<\/div>\n\t\t<\/section>\n\t\t\t\t<section class=\"elementor-section elementor-top-section elementor-element elementor-element-51b535d elementor-section-boxed elementor-section-height-default elementor-section-height-default\" data-id=\"51b535d\" data-element_type=\"section\">\n\t\t\t\t\t\t<div class=\"elementor-container elementor-column-gap-default\">\n\t\t\t\t\t<div class=\"elementor-column elementor-col-100 elementor-top-column elementor-element elementor-element-df27a95\" data-id=\"df27a95\" data-element_type=\"column\">\n\t\t\t<div class=\"elementor-widget-wrap elementor-element-populated\">\n\t\t\t\t\t\t<div class=\"elementor-element elementor-element-79c49dd elementor-widget elementor-widget-image\" data-id=\"79c49dd\" data-element_type=\"widget\" data-widget_type=\"image.default\">\n\t\t\t\t<div class=\"elementor-widget-container\">\n\t\t\t<style>\/*! elementor - v3.23.0 - 05-08-2024 *\/\n.elementor-widget-image{text-align:center}.elementor-widget-image a{display:inline-block}.elementor-widget-image a img[src$=\".svg\"]{width:48px}.elementor-widget-image img{vertical-align:middle;display:inline-block}<\/style>\t\t\t\t\t\t\t\t\t\t<img fetchpriority=\"high\" decoding=\"async\" width=\"810\" height=\"405\" src=\"https:\/\/premiavng.com\/wp-content\/uploads\/2021\/08\/premia-assessors-slide-1-despacho-1024x512.jpg\" class=\"attachment-large size-large wp-image-7297\" alt=\"\" srcset=\"https:\/\/premiavng.com\/wp-content\/uploads\/2021\/08\/premia-assessors-slide-1-despacho-1024x512.jpg 1024w, https:\/\/premiavng.com\/wp-content\/uploads\/2021\/08\/premia-assessors-slide-1-despacho-300x150.jpg 300w, https:\/\/premiavng.com\/wp-content\/uploads\/2021\/08\/premia-assessors-slide-1-despacho-768x384.jpg 768w, https:\/\/premiavng.com\/wp-content\/uploads\/2021\/08\/premia-assessors-slide-1-despacho.jpg 1400w\" sizes=\"(max-width: 810px) 100vw, 810px\" \/>\t\t\t\t\t\t\t\t\t\t\t\t\t<\/div>\n\t\t\t\t<\/div>\n\t\t\t\t\t<\/div>\n\t\t<\/div>\n\t\t\t\t\t<\/div>\n\t\t<\/section>\n\t\t\t\t<section class=\"elementor-section elementor-top-section elementor-element elementor-element-e9b4855 elementor-section-boxed elementor-section-height-default elementor-section-height-default\" data-id=\"e9b4855\" data-element_type=\"section\">\n\t\t\t\t\t\t<div class=\"elementor-container elementor-column-gap-default\">\n\t\t\t\t\t<div class=\"elementor-column elementor-col-100 elementor-top-column elementor-element elementor-element-e0c0efc\" data-id=\"e0c0efc\" data-element_type=\"column\">\n\t\t\t<div class=\"elementor-widget-wrap elementor-element-populated\">\n\t\t\t\t\t\t<div class=\"elementor-element elementor-element-69bd9f8 elementor-widget elementor-widget-spacer\" data-id=\"69bd9f8\" data-element_type=\"widget\" data-widget_type=\"spacer.default\">\n\t\t\t\t<div class=\"elementor-widget-container\">\n\t\t\t\t\t<div class=\"elementor-spacer\">\n\t\t\t<div class=\"elementor-spacer-inner\"><\/div>\n\t\t<\/div>\n\t\t\t\t<\/div>\n\t\t\t\t<\/div>\n\t\t\t\t\t<\/div>\n\t\t<\/div>\n\t\t\t\t\t<\/div>\n\t\t<\/section>\n\t\t\t\t<section class=\"elementor-section elementor-top-section elementor-element elementor-element-61face9 elementor-section-boxed elementor-section-height-default elementor-section-height-default\" data-id=\"61face9\" data-element_type=\"section\">\n\t\t\t\t\t\t<div class=\"elementor-container elementor-column-gap-default\">\n\t\t\t\t\t<div class=\"elementor-column elementor-col-100 elementor-top-column elementor-element elementor-element-010b725\" data-id=\"010b725\" data-element_type=\"column\">\n\t\t\t<div class=\"elementor-widget-wrap elementor-element-populated\">\n\t\t\t\t\t\t<div class=\"elementor-element elementor-element-5347ca6 elementor-widget elementor-widget-text-editor\" data-id=\"5347ca6\" data-element_type=\"widget\" data-widget_type=\"text-editor.default\">\n\t\t\t\t<div class=\"elementor-widget-container\">\n\t\t\t<style>\/*! elementor - v3.23.0 - 05-08-2024 *\/\n.elementor-widget-text-editor.elementor-drop-cap-view-stacked .elementor-drop-cap{background-color:#69727d;color:#fff}.elementor-widget-text-editor.elementor-drop-cap-view-framed .elementor-drop-cap{color:#69727d;border:3px solid;background-color:transparent}.elementor-widget-text-editor:not(.elementor-drop-cap-view-default) .elementor-drop-cap{margin-top:8px}.elementor-widget-text-editor:not(.elementor-drop-cap-view-default) .elementor-drop-cap-letter{width:1em;height:1em}.elementor-widget-text-editor .elementor-drop-cap{float:left;text-align:center;line-height:1;font-size:50px}.elementor-widget-text-editor .elementor-drop-cap-letter{display:inline-block}<\/style>\t\t\t\t<p>En Premi\u00e0 Assessors acompa\u00f1amos al cliente ofreci\u00e9ndole un <strong>servicio integral de asesoramiento fiscal, gesti\u00f3n contable y gestor\u00eda laboral<\/strong>, entre otros. Contamos con un equipo de profesionales altamente cualificados y con una amplia experiencia en cada una de las especialidades.<\/p>\t\t\t\t\t\t<\/div>\n\t\t\t\t<\/div>\n\t\t\t\t\t<\/div>\n\t\t<\/div>\n\t\t\t\t\t<\/div>\n\t\t<\/section>\n\t\t\t\t<section class=\"elementor-section elementor-top-section elementor-element elementor-element-a308a22 elementor-section-boxed elementor-section-height-default elementor-section-height-default\" data-id=\"a308a22\" data-element_type=\"section\">\n\t\t\t\t\t\t<div class=\"elementor-container elementor-column-gap-default\">\n\t\t\t\t\t<div class=\"elementor-column elementor-col-100 elementor-top-column elementor-element elementor-element-08ca390\" data-id=\"08ca390\" data-element_type=\"column\">\n\t\t\t<div class=\"elementor-widget-wrap elementor-element-populated\">\n\t\t\t\t\t\t<div class=\"elementor-element elementor-element-7322371 elementor-widget elementor-widget-spacer\" data-id=\"7322371\" data-element_type=\"widget\" data-widget_type=\"spacer.default\">\n\t\t\t\t<div class=\"elementor-widget-container\">\n\t\t\t\t\t<div class=\"elementor-spacer\">\n\t\t\t<div class=\"elementor-spacer-inner\"><\/div>\n\t\t<\/div>\n\t\t\t\t<\/div>\n\t\t\t\t<\/div>\n\t\t\t\t\t<\/div>\n\t\t<\/div>\n\t\t\t\t\t<\/div>\n\t\t<\/section>\n\t\t\t\t<section class=\"elementor-section elementor-top-section elementor-element elementor-element-4d054ac elementor-section-boxed elementor-section-height-default elementor-section-height-default\" data-id=\"4d054ac\" data-element_type=\"section\">\n\t\t\t\t\t\t<div class=\"elementor-container elementor-column-gap-default\">\n\t\t\t\t\t<div class=\"elementor-column elementor-col-33 elementor-top-column elementor-element elementor-element-bf608f1\" data-id=\"bf608f1\" data-element_type=\"column\">\n\t\t\t<div class=\"elementor-widget-wrap elementor-element-populated\">\n\t\t\t\t\t\t<div class=\"elementor-element elementor-element-a991180 elementor-position-top elementor-widget elementor-widget-image-box\" data-id=\"a991180\" data-element_type=\"widget\" data-widget_type=\"image-box.default\">\n\t\t\t\t<div class=\"elementor-widget-container\">\n\t\t\t<style>\/*! elementor - v3.23.0 - 05-08-2024 *\/\n.elementor-widget-image-box .elementor-image-box-content{width:100%}@media (min-width:768px){.elementor-widget-image-box.elementor-position-left .elementor-image-box-wrapper,.elementor-widget-image-box.elementor-position-right .elementor-image-box-wrapper{display:flex}.elementor-widget-image-box.elementor-position-right .elementor-image-box-wrapper{text-align:end;flex-direction:row-reverse}.elementor-widget-image-box.elementor-position-left .elementor-image-box-wrapper{text-align:start;flex-direction:row}.elementor-widget-image-box.elementor-position-top .elementor-image-box-img{margin:auto}.elementor-widget-image-box.elementor-vertical-align-top .elementor-image-box-wrapper{align-items:flex-start}.elementor-widget-image-box.elementor-vertical-align-middle .elementor-image-box-wrapper{align-items:center}.elementor-widget-image-box.elementor-vertical-align-bottom .elementor-image-box-wrapper{align-items:flex-end}}@media (max-width:767px){.elementor-widget-image-box .elementor-image-box-img{margin-left:auto!important;margin-right:auto!important;margin-bottom:15px}}.elementor-widget-image-box .elementor-image-box-img{display:inline-block}.elementor-widget-image-box .elementor-image-box-title a{color:inherit}.elementor-widget-image-box .elementor-image-box-wrapper{text-align:center}.elementor-widget-image-box .elementor-image-box-description{margin:0}<\/style><div class=\"elementor-image-box-wrapper\"><figure class=\"elementor-image-box-img\"><img decoding=\"async\" width=\"800\" height=\"800\" src=\"https:\/\/premiavng.com\/wp-content\/uploads\/2021\/08\/banner-premia-assessors-fiscal.jpg\" class=\"attachment-full size-full wp-image-7368\" alt=\"\" srcset=\"https:\/\/premiavng.com\/wp-content\/uploads\/2021\/08\/banner-premia-assessors-fiscal.jpg 800w, https:\/\/premiavng.com\/wp-content\/uploads\/2021\/08\/banner-premia-assessors-fiscal-300x300.jpg 300w, https:\/\/premiavng.com\/wp-content\/uploads\/2021\/08\/banner-premia-assessors-fiscal-150x150.jpg 150w, https:\/\/premiavng.com\/wp-content\/uploads\/2021\/08\/banner-premia-assessors-fiscal-768x768.jpg 768w\" sizes=\"(max-width: 800px) 100vw, 800px\" \/><\/figure><div class=\"elementor-image-box-content\"><h3 class=\"elementor-image-box-title\">ASESOR\u00cdA FISCAL<\/h3><\/div><\/div>\t\t<\/div>\n\t\t\t\t<\/div>\n\t\t\t\t\t<\/div>\n\t\t<\/div>\n\t\t\t\t<div class=\"elementor-column elementor-col-33 elementor-top-column elementor-element elementor-element-6a93dc5\" data-id=\"6a93dc5\" data-element_type=\"column\">\n\t\t\t<div class=\"elementor-widget-wrap elementor-element-populated\">\n\t\t\t\t\t\t<div class=\"elementor-element elementor-element-9f72972 elementor-position-top elementor-widget elementor-widget-image-box\" data-id=\"9f72972\" data-element_type=\"widget\" data-widget_type=\"image-box.default\">\n\t\t\t\t<div class=\"elementor-widget-container\">\n\t\t\t<div class=\"elementor-image-box-wrapper\"><figure class=\"elementor-image-box-img\"><img decoding=\"async\" width=\"800\" height=\"800\" src=\"https:\/\/premiavng.com\/wp-content\/uploads\/2021\/08\/banner-premia-assessors-laboral.jpg\" class=\"attachment-full size-full wp-image-7369\" alt=\"\" srcset=\"https:\/\/premiavng.com\/wp-content\/uploads\/2021\/08\/banner-premia-assessors-laboral.jpg 800w, https:\/\/premiavng.com\/wp-content\/uploads\/2021\/08\/banner-premia-assessors-laboral-300x300.jpg 300w, https:\/\/premiavng.com\/wp-content\/uploads\/2021\/08\/banner-premia-assessors-laboral-150x150.jpg 150w, https:\/\/premiavng.com\/wp-content\/uploads\/2021\/08\/banner-premia-assessors-laboral-768x768.jpg 768w\" sizes=\"(max-width: 800px) 100vw, 800px\" \/><\/figure><div class=\"elementor-image-box-content\"><h3 class=\"elementor-image-box-title\">ASESOR\u00cdA LABORAL<\/h3><\/div><\/div>\t\t<\/div>\n\t\t\t\t<\/div>\n\t\t\t\t\t<\/div>\n\t\t<\/div>\n\t\t\t\t<div class=\"elementor-column elementor-col-33 elementor-top-column elementor-element elementor-element-cd7bfad\" data-id=\"cd7bfad\" data-element_type=\"column\">\n\t\t\t<div class=\"elementor-widget-wrap elementor-element-populated\">\n\t\t\t\t\t\t<div class=\"elementor-element elementor-element-86974f6 elementor-position-top elementor-widget elementor-widget-image-box\" data-id=\"86974f6\" data-element_type=\"widget\" data-widget_type=\"image-box.default\">\n\t\t\t\t<div class=\"elementor-widget-container\">\n\t\t\t<div class=\"elementor-image-box-wrapper\"><figure class=\"elementor-image-box-img\"><img loading=\"lazy\" decoding=\"async\" width=\"800\" height=\"800\" src=\"https:\/\/premiavng.com\/wp-content\/uploads\/2021\/08\/banner-premia-assessors-legal.jpg\" class=\"attachment-full size-full wp-image-7370\" alt=\"\" srcset=\"https:\/\/premiavng.com\/wp-content\/uploads\/2021\/08\/banner-premia-assessors-legal.jpg 800w, https:\/\/premiavng.com\/wp-content\/uploads\/2021\/08\/banner-premia-assessors-legal-300x300.jpg 300w, https:\/\/premiavng.com\/wp-content\/uploads\/2021\/08\/banner-premia-assessors-legal-150x150.jpg 150w, https:\/\/premiavng.com\/wp-content\/uploads\/2021\/08\/banner-premia-assessors-legal-768x768.jpg 768w\" sizes=\"(max-width: 800px) 100vw, 800px\" \/><\/figure><div class=\"elementor-image-box-content\"><h3 class=\"elementor-image-box-title\">ASESOR\u00cdA JUR\u00cdDICA<\/h3><\/div><\/div>\t\t<\/div>\n\t\t\t\t<\/div>\n\t\t\t\t\t<\/div>\n\t\t<\/div>\n\t\t\t\t\t<\/div>\n\t\t<\/section>\n\t\t\t\t<section class=\"elementor-section elementor-top-section elementor-element elementor-element-60f2423 elementor-section-boxed elementor-section-height-default elementor-section-height-default\" data-id=\"60f2423\" data-element_type=\"section\">\n\t\t\t\t\t\t<div class=\"elementor-container elementor-column-gap-default\">\n\t\t\t\t\t<div class=\"elementor-column elementor-col-100 elementor-top-column elementor-element elementor-element-3307825\" data-id=\"3307825\" data-element_type=\"column\">\n\t\t\t<div class=\"elementor-widget-wrap elementor-element-populated\">\n\t\t\t\t\t\t<div class=\"elementor-element elementor-element-15fa568 elementor-widget elementor-widget-spacer\" data-id=\"15fa568\" data-element_type=\"widget\" data-widget_type=\"spacer.default\">\n\t\t\t\t<div class=\"elementor-widget-container\">\n\t\t\t\t\t<div class=\"elementor-spacer\">\n\t\t\t<div class=\"elementor-spacer-inner\"><\/div>\n\t\t<\/div>\n\t\t\t\t<\/div>\n\t\t\t\t<\/div>\n\t\t\t\t\t<\/div>\n\t\t<\/div>\n\t\t\t\t\t<\/div>\n\t\t<\/section>\n\t\t\t\t<section class=\"elementor-section elementor-top-section elementor-element elementor-element-0acb51d elementor-section-boxed elementor-section-height-default elementor-section-height-default\" data-id=\"0acb51d\" data-element_type=\"section\">\n\t\t\t\t\t\t<div class=\"elementor-container elementor-column-gap-default\">\n\t\t\t\t\t<div class=\"elementor-column elementor-col-33 elementor-top-column elementor-element elementor-element-f9c9b7f\" data-id=\"f9c9b7f\" data-element_type=\"column\">\n\t\t\t<div class=\"elementor-widget-wrap elementor-element-populated\">\n\t\t\t\t\t\t<div class=\"elementor-element elementor-element-dfad789 elementor-position-top elementor-widget elementor-widget-image-box\" data-id=\"dfad789\" data-element_type=\"widget\" data-widget_type=\"image-box.default\">\n\t\t\t\t<div class=\"elementor-widget-container\">\n\t\t\t<div class=\"elementor-image-box-wrapper\"><figure class=\"elementor-image-box-img\"><img loading=\"lazy\" decoding=\"async\" width=\"800\" height=\"800\" src=\"https:\/\/premiavng.com\/wp-content\/uploads\/2021\/08\/banner-premia-assessors-coaching.jpg\" class=\"attachment-full size-full wp-image-7367\" alt=\"\" srcset=\"https:\/\/premiavng.com\/wp-content\/uploads\/2021\/08\/banner-premia-assessors-coaching.jpg 800w, https:\/\/premiavng.com\/wp-content\/uploads\/2021\/08\/banner-premia-assessors-coaching-300x300.jpg 300w, https:\/\/premiavng.com\/wp-content\/uploads\/2021\/08\/banner-premia-assessors-coaching-150x150.jpg 150w, https:\/\/premiavng.com\/wp-content\/uploads\/2021\/08\/banner-premia-assessors-coaching-768x768.jpg 768w\" sizes=\"(max-width: 800px) 100vw, 800px\" \/><\/figure><div class=\"elementor-image-box-content\"><h3 class=\"elementor-image-box-title\">COACHING<\/h3><\/div><\/div>\t\t<\/div>\n\t\t\t\t<\/div>\n\t\t\t\t\t<\/div>\n\t\t<\/div>\n\t\t\t\t<div class=\"elementor-column elementor-col-33 elementor-top-column elementor-element elementor-element-e3f7aca\" data-id=\"e3f7aca\" data-element_type=\"column\">\n\t\t\t<div class=\"elementor-widget-wrap elementor-element-populated\">\n\t\t\t\t\t\t<div class=\"elementor-element elementor-element-fc1b4eb elementor-position-top elementor-widget elementor-widget-image-box\" data-id=\"fc1b4eb\" data-element_type=\"widget\" data-widget_type=\"image-box.default\">\n\t\t\t\t<div class=\"elementor-widget-container\">\n\t\t\t<div class=\"elementor-image-box-wrapper\"><figure class=\"elementor-image-box-img\"><img loading=\"lazy\" decoding=\"async\" width=\"800\" height=\"800\" src=\"https:\/\/premiavng.com\/wp-content\/uploads\/2021\/08\/banner-premia-assessors-vehiculos.jpg\" class=\"attachment-full size-full wp-image-7372\" alt=\"\" srcset=\"https:\/\/premiavng.com\/wp-content\/uploads\/2021\/08\/banner-premia-assessors-vehiculos.jpg 800w, https:\/\/premiavng.com\/wp-content\/uploads\/2021\/08\/banner-premia-assessors-vehiculos-300x300.jpg 300w, https:\/\/premiavng.com\/wp-content\/uploads\/2021\/08\/banner-premia-assessors-vehiculos-150x150.jpg 150w, https:\/\/premiavng.com\/wp-content\/uploads\/2021\/08\/banner-premia-assessors-vehiculos-768x768.jpg 768w\" sizes=\"(max-width: 800px) 100vw, 800px\" \/><\/figure><div class=\"elementor-image-box-content\"><h3 class=\"elementor-image-box-title\">TRAMITACI\u00d3N DE VEH\u00cdCULOS<\/h3><\/div><\/div>\t\t<\/div>\n\t\t\t\t<\/div>\n\t\t\t\t\t<\/div>\n\t\t<\/div>\n\t\t\t\t<div class=\"elementor-column elementor-col-33 elementor-top-column elementor-element elementor-element-bf5f752\" data-id=\"bf5f752\" data-element_type=\"column\">\n\t\t\t<div class=\"elementor-widget-wrap elementor-element-populated\">\n\t\t\t\t\t\t<div class=\"elementor-element elementor-element-eadfc03 elementor-position-top elementor-widget elementor-widget-image-box\" data-id=\"eadfc03\" data-element_type=\"widget\" data-widget_type=\"image-box.default\">\n\t\t\t\t<div class=\"elementor-widget-container\">\n\t\t\t<div class=\"elementor-image-box-wrapper\"><figure class=\"elementor-image-box-img\"><img loading=\"lazy\" decoding=\"async\" width=\"800\" height=\"800\" src=\"https:\/\/premiavng.com\/wp-content\/uploads\/2021\/08\/banner-premia-assessors-outsourcing.jpg\" class=\"attachment-full size-full wp-image-7371\" alt=\"\" srcset=\"https:\/\/premiavng.com\/wp-content\/uploads\/2021\/08\/banner-premia-assessors-outsourcing.jpg 800w, https:\/\/premiavng.com\/wp-content\/uploads\/2021\/08\/banner-premia-assessors-outsourcing-300x300.jpg 300w, https:\/\/premiavng.com\/wp-content\/uploads\/2021\/08\/banner-premia-assessors-outsourcing-150x150.jpg 150w, https:\/\/premiavng.com\/wp-content\/uploads\/2021\/08\/banner-premia-assessors-outsourcing-768x768.jpg 768w\" sizes=\"(max-width: 800px) 100vw, 800px\" \/><\/figure><div class=\"elementor-image-box-content\"><h3 class=\"elementor-image-box-title\">OUTSOURCING<\/h3><\/div><\/div>\t\t<\/div>\n\t\t\t\t<\/div>\n\t\t\t\t\t<\/div>\n\t\t<\/div>\n\t\t\t\t\t<\/div>\n\t\t<\/section>\n\t\t\t\t<\/div>\n\t\t","protected":false},"excerpt":{"rendered":"<p>En Premi\u00e0 Assessors acompa\u00f1amos al cliente ofreci\u00e9ndole un servicio integral de asesoramiento fiscal, gesti\u00f3n contable y gestor\u00eda laboral, entre otros. Contamos con un equipo de profesionales altamente cualificados y con una amplia experiencia en cada una de las especialidades. ASESOR\u00cdA FISCAL ASESOR\u00cdA LABORAL ASESOR\u00cdA JUR\u00cdDICA COACHING TRAMITACI\u00d3N DE VEH\u00cdCULOS OUTSOURCING<\/p>","protected":false},"author":5,"featured_media":0,"parent":0,"menu_order":0,"comment_status":"closed","ping_status":"closed","template":"","meta":[],"_links":{"self":[{"href":"https:\/\/premiavng.com\/ca\/wp-json\/wp\/v2\/pages\/7365"}],"collection":[{"href":"https:\/\/premiavng.com\/ca\/wp-json\/wp\/v2\/pages"}],"about":[{"href":"https:\/\/premiavng.com\/ca\/wp-json\/wp\/v2\/types\/page"}],"author":[{"embeddable":true,"href":"https:\/\/premiavng.com\/ca\/wp-json\/wp\/v2\/users\/5"}],"replies":[{"embeddable":true,"href":"https:\/\/premiavng.com\/ca\/wp-json\/wp\/v2\/comments?post=7365"}],"version-history":[{"count":7,"href":"https:\/\/premiavng.com\/ca\/wp-json\/wp\/v2\/pages\/7365\/revisions"}],"predecessor-version":[{"id":7378,"href":"https:\/\/premiavng.com\/ca\/wp-json\/wp\/v2\/pages\/7365\/revisions\/7378"}],"wp:attachment":[{"href":"https:\/\/premiavng.com\/ca\/wp-json\/wp\/v2\/media?parent=7365"}],"curies":[{"name":"wp","href":"https:\/\/api.w.org\/{rel}","templated":true}]}}