{"id":7517,"date":"2021-10-30T09:40:28","date_gmt":"2021-10-30T07:40:28","guid":{"rendered":"https:\/\/premiavng.com\/politica-de-cookies-ue\/"},"modified":"2021-11-08T19:32:05","modified_gmt":"2021-11-08T18:32:05","slug":"politica-de-cookies-ue","status":"publish","type":"page","link":"https:\/\/premiavng.com\/ca\/politica-de-cookies-ue\/","title":{"rendered":"Pol\u00edtica de cookies"},"content":{"rendered":"<div style=\"height:50px\" aria-hidden=\"true\" class=\"wp-block-spacer\"><\/div>\n\n\n\n<h2 class=\"wp-block-heading\">Qu\u00e8 s\u00f3n les cookies?&nbsp;<\/h2>\n\n\n\n<p>Una cookie \u00e9s un fitxer que es descarrega en el seu ordinador en accedir a determinades p\u00e0gines web. Les cookies permeten a una p\u00e0gina web, entre altres coses, emmagatzemar i recuperar informaci\u00f3 sobre h\u00e0bits de navegaci\u00f3 d'un usuari o del seu equip i, depenent de la informaci\u00f3 que continguin i de la forma que utilitzi el seu equip, poden utilitzar-se per a recon\u00e8ixer a l'usuari.&nbsp;<\/p>\n\n\n\n<p>Per a qu\u00e8 utilitza les cookies aquesta p\u00e0gina web i quines s\u00f3n?&nbsp;<\/p>\n\n\n\n<p>Aquesta p\u00e0gina web utilitza les cookies per a una s\u00e8rie de finalitats, incloses:&nbsp;<\/p>\n\n\n\n<p>\u00b7 An\u00e0lisi estadistic: Les cookies estad\u00edstiques ajuden els propietaris de p\u00e0gines web a comprendre com interactuen els visitants amb les p\u00e0gines web reunint i proporcionant informaci\u00f3 com quantificar el nombre d'usuaris i aix\u00ed realitzar el mesurament i an\u00e0lisi estad\u00edstica de la utilitzaci\u00f3 que fan els usuaris del servei.&nbsp;<\/p>\n\n\n\n<p>\u00b7 T\u00e8cnica o necess\u00e0ria: Les cookies necess\u00e0ries ajuden a fer una p\u00e0gina web utilitzable activant funcions b\u00e0siques com la navegaci\u00f3 en la p\u00e0gina i l'acc\u00e9s a \u00e0rees segures de la p\u00e0gina web. Permeten per exemple, controlar el tr\u00e0nsit i la comunicaci\u00f3 de dades, accedir a parts d'acc\u00e9s restringit, utilitzar elements de seguretat, emmagatzemar continguts per a poder difondre v\u00eddeos o compartir continguts a trav\u00e9s de xarxes socials. La p\u00e0gina web no pot funcionar adequadament sense aquestes cookies.<\/p>\n\n\n\n<p>El detall de les cookies utilitzades en aquesta p\u00e0gina web \u00e9s el seg\u00fcent:<\/p>\n\n\n\n<figure class=\"wp-block-table\"><table><tbody><tr><td><strong>Cookies<\/strong><\/td><td><strong>Nom<\/strong><\/td><td><strong>Tipus<\/strong><\/td><td><strong>Prop\u00f2sit<\/strong><\/td><td><strong>M\u00e9s informaci\u00f3<\/strong><\/td><\/tr><tr><td>_1P_JAR<\/td><td>An\u00e0lisi Google<\/td><td>De tercers<\/td><td>Recollir informaci\u00f3 sobre la navegaci\u00f3 dels usuaris pel lloc amb la finalitat de con\u00e8ixer l'origen de les visites i altres dades similars a nivell estad\u00edstic.<\/td><td>Centre de privacitat de Google: https:\/\/policies.google.com\/technologies\/cookies?hl=es<\/td><\/tr><tr><td>_NID _CGIC _SNID<\/td><td>Prefer\u00e8ncia Google<\/td><td>De tercers<\/td><td>Aquestes cookies s\u00f3n utilitzades per Google per a diferents prop\u00f2sits, com el seguiment de les prefer\u00e8ncies i la publicitat.<\/td><td>Centre de privacitat de Google: https:\/\/policies.google.com\/technologies\/cookies?hl=es<\/td><\/tr><tr><td class=\"translation-block\">_NID _CONSENT _ANID\u00a0<br>_DV<\/td><td>Publicit\u00e0ria Google<\/td><td>De tercers<\/td><td>Cookies de Google serveixen per a personalitza els anuncis, per exemple; recordar les teves cerques m\u00e9s recents, les teves interaccions anteriors amb els resultats de cerca o amb la publicitat d'un anunciant i les teves visites al lloc web d'un anunciant.<\/td><td>Centre de privacitat de Google: https:\/\/policies.google.com\/technologies\/cookies?hl=es<\/td><\/tr><tr><td>_player __vuid<\/td><td>Prefer\u00e8ncia Vimeo<\/td><td>De tercers<\/td><td>El reproductor Vimeo incorporat utilitza aquestes cookies per a verificar si l'usuari ha seleccionat certes funcions o prefer\u00e8ncies.<\/td><td>Centre de privacitat de Vimeo: https:\/\/vimeo.com\/privacy<\/td><\/tr><tr><td class=\"translation-block\">_icl_current_language\u00a0<br>_icl_current_admin_languag<br>e_d4148cd98f00b 204e<\/td><td>Prefer\u00e8ncia premiavng.com<\/td><td>Pr\u00f2pies<\/td><td>Mostra el contingut en l'idioma del navegador de l'usuari.<\/td><td>A la pr\u00f2pia p\u00e0gina web.<\/td><\/tr><tr><td>cookie_notice_accepted<\/td><td>T\u00e8cnica premiavng.com<\/td><td>Pr\u00f2pies<\/td><td>Cookies d'\u00fas intern necess\u00e0ries per al funcionament de la visualitzaci\u00f3 de la pol\u00edtica de cookies de la web.<\/td><td>A la pr\u00f2pia p\u00e0gina web.<\/td><\/tr><\/tbody><\/table><\/figure>\n\n\n\n<p>Nota: Les cookies de tipus 'Pr\u00f2pies' s\u00f3n utilitzades nom\u00e9s pel propietari d'aquesta web i les cookies 'De tercers' s\u00f3n utilitzades, pel prestador del servei que est\u00e0 detallat en el quadre anterior.&nbsp;<\/p>\n\n\n\n<h2 class=\"wp-block-heading\">\u00bfC\u00f3mo puedo desactivar o eliminar estas cookies?&nbsp;<\/h2>\n\n\n\n<p>Vost\u00e8 pot permetre, bloquejar o eliminar les cookies instal\u00b7lades de les opcions del navegador instal\u00b7lat al seu ordinador:&nbsp;<\/p>\n\n\n\n<p>Firefox&nbsp;<br>http:\/\/support.mozilla.org\/es\/kb\/habilitar-y-deshabilitar-cookies-que-los-sitios-we&nbsp;<\/p>\n\n\n\n<p>Chrome&nbsp;<br>http:\/\/support.google.com\/chrome\/bin\/answer.py?hl=es&amp;answer=95647&nbsp;<\/p>\n\n\n\n<p>Explorer<br>http:\/\/windows.microsoft.com\/es-es\/windows7\/how-to-manage-cookies-in-internet-explorer-9&nbsp;<\/p>\n\n\n\n<p>Safari<br>http:\/\/support.apple.com\/kb\/ph5042&nbsp;<\/p>\n\n\n\n<p>Opera<br>http:\/\/help.opera.com\/Windows\/11.50\/es-ES\/cookies.html&nbsp;<\/p>\n\n\n\n<p>Altres navegadors:<br>Consulti la documentaci\u00f3 del navegador que vost\u00e8 tingui instal\u00b7lat.&nbsp;<br>Complement d'inhabilitaci\u00f3 per a navegadors de Google Analytics.&nbsp;<\/p>\n\n\n\n<p>Si desitja rebutjar les cookies anal\u00edtiques de Google Analytics en tots els navegadors, de manera que no s'envi\u00ef informaci\u00f3 seva a Google Analytics, pot descarregar un complement que realitza aquesta funci\u00f3 des d'aquest enlla\u00e7: https:\/\/tools.google.com\/dlpage\/gaoptout.<br><\/p>","protected":false},"excerpt":{"rendered":"<p>\u00bfQu\u00e9 son las cookies?&nbsp; Una cookie es un fichero que se descarga en su ordenador al acceder a determinadas p\u00e1ginas web. Las cookies permiten a una p\u00e1gina web, entre otras cosas, almacenar y recuperar informaci\u00f3n sobre h\u00e1bitos de navegaci\u00f3n de un usuario o de su equipo y, dependiendo de la informaci\u00f3n que contengan y de [&hellip;]<\/p>\n","protected":false},"author":5,"featured_media":0,"parent":0,"menu_order":0,"comment_status":"closed","ping_status":"closed","template":"","meta":[],"_links":{"self":[{"href":"https:\/\/premiavng.com\/ca\/wp-json\/wp\/v2\/pages\/7517"}],"collection":[{"href":"https:\/\/premiavng.com\/ca\/wp-json\/wp\/v2\/pages"}],"about":[{"href":"https:\/\/premiavng.com\/ca\/wp-json\/wp\/v2\/types\/page"}],"author":[{"embeddable":true,"href":"https:\/\/premiavng.com\/ca\/wp-json\/wp\/v2\/users\/5"}],"replies":[{"embeddable":true,"href":"https:\/\/premiavng.com\/ca\/wp-json\/wp\/v2\/comments?post=7517"}],"version-history":[{"count":3,"href":"https:\/\/premiavng.com\/ca\/wp-json\/wp\/v2\/pages\/7517\/revisions"}],"predecessor-version":[{"id":7534,"href":"https:\/\/premiavng.com\/ca\/wp-json\/wp\/v2\/pages\/7517\/revisions\/7534"}],"wp:attachment":[{"href":"https:\/\/premiavng.com\/ca\/wp-json\/wp\/v2\/media?parent=7517"}],"curies":[{"name":"wp","href":"https:\/\/api.w.org\/{rel}","templated":true}]}}